{"id":5184,"date":"2021-06-29T11:00:13","date_gmt":"2021-06-29T11:00:13","guid":{"rendered":"http:\/\/arklam.com\/politica-de-cookies\/"},"modified":"2024-04-15T07:44:23","modified_gmt":"2024-04-15T06:44:23","slug":"politica-de-cookies","status":"publish","type":"page","link":"https:\/\/arklam.com\/fr\/politica-de-cookies\/","title":{"rendered":"Pol\u00edtica de cookies"},"content":{"rendered":"\n<p><strong>POL\u00cdTICA DE COOKIES<\/strong><\/p>\n\n\n\n<p>Fecha de \u00faltima actualizaci\u00f3n: 04\/04\/2024<\/p>\n\n\n\n<p><strong>\u00bfQU\u00c9 SON LAS COOKIES?<\/strong><\/p>\n\n\n\n<p>Las cookies son&nbsp;peque\u00f1os ficheros que se instalan en el disco duro o en el navegador del ordenador, tablet, smartphone o dispositivo equivalente con funciones de navegaci\u00f3n a trav\u00e9s de Internet y ayudan a, entre otros: personalizar los servicios del titular de la web, facilitar la navegaci\u00f3n y usabilidad a trav\u00e9s de la misma,&nbsp; obtener informaci\u00f3n agregada de los visitantes de la web, posibilitar la reproducci\u00f3n y visualizaci\u00f3n de contenido multimedia en la propia web, permitir elementos de interactuaci\u00f3n entre el usuario y la propia web, habilitar herramientas de seguridad, etc\u00e9tera.<\/p>\n\n\n\n<p><strong>DEFINICIONES UTILIZADAS EN ESTA POL\u00cdTICA DE COOKIES<\/strong><\/p>\n\n\n\n<ul class=\"wp-block-list\">\n<li>Dato: Es la informaci\u00f3n que se obtiene por medio del equipo terminal del usuario a trav\u00e9s del dispositivo de almacenamiento y recuperaci\u00f3n de datos (cookies u otros). El dato ser\u00e1 personal cuando se trata de informaci\u00f3n sobre personas f\u00edsicas identificadas o identificables, en los t\u00e9rminos que establece el art\u00edculo 4 del RGPD<\/li>\n\n\n\n<li>Informaci\u00f3n agregada: informaci\u00f3n no nominal, t\u00edpicamente num\u00e9rica y a efectos de proporcionar informaci\u00f3n estad\u00edstica<\/li>\n\n\n\n<li>Equipo terminal: Es el dispositivo desde el cual el usuario accede al servicio, como un ordenador personal, un tel\u00e9fono m\u00f3vil, una tablet, etc., y a partir del cual se obtiene la informaci\u00f3n<\/li>\n\n\n\n<li>Servicio de la sociedad de la informaci\u00f3n: Es todo servicio prestado a petici\u00f3n individual de un usuario, a t\u00edtulo oneroso o no, a distancia y por v\u00eda electr\u00f3nica, siempre que, a efectos de esta gu\u00eda, constituya una actividad econ\u00f3mica para el editor cuya prestaci\u00f3n origina la utilizaci\u00f3n de las cookies<\/li>\n\n\n\n<li>Editor: responsable o titular de la p\u00e1gina web<\/li>\n\n\n\n<li>Tercero: entidad externa, colaboradora, prestadora de servicios o relacionada con el editor, interviniente en la gesti\u00f3n de algunas cookies<\/li>\n\n\n\n<li>Responsable de la cookie: el editor, responsable, titular de la p\u00e1gina web o, incluso, el tercero en algunos casos<\/li>\n\n\n\n<li>H\u00e1bitos de navegaci\u00f3n: tendencias que muestra el usuario cuando navega&nbsp; trav\u00e9s de una p\u00e1gina web como, por ejemplo, tiempo que visita la p\u00e1gina, partes que visita, secciones m\u00e1s frecuentes, origen de la visita, destino de la visita, entre otros.<\/li>\n<\/ul>\n\n\n\n<p><strong>\u00bfQU\u00c9 TIPO DE COOKIES EXISTEN?<\/strong><\/p>\n\n\n\n<p>Seg\u00fan la entidad que la gestiona:<\/p>\n\n\n\n<p>Cookies propias: son aquellas que se env\u00edan al equipo terminal del usuario desde un equipo o dominio gestionado por el propio editor y desde el que se presta el servicio solicitado por el usuario.<\/p>\n\n\n\n<p>Cookies de terceros: son aqu\u00e9llas que se env\u00edan al equipo terminal del usuario desde un equipo o dominio que no es gestionado por el editor, sino por otra entidad que trata los datos obtenidos trav\u00e9s de las cookies.<\/p>\n\n\n\n<p>Seg\u00fan el plazo de tiempo que permanecen activadas en el equipo terminal:<\/p>\n\n\n\n<p>Cookies de sesi\u00f3n: son aquellas dise\u00f1adas para recabar y almacenar datos mientras el usuario accede a una p\u00e1gina web. Se suelen emplear para almacenar informaci\u00f3n que solo interesa conservar para la prestaci\u00f3n del servicio solicitado por el usuario en una sola ocasi\u00f3n (por ejemplo, una lista de productos adquiridos) y desaparecen al terminar la sesi\u00f3n.<\/p>\n\n\n\n<p>Cookies persistentes: son aquellas en las que los datos siguen almacenados en el terminal y pueden ser accedidos y tratados durante un periodo definido por el responsable de la cookie, y que puede ir de unos minutos a varios a\u00f1os.<\/p>\n\n\n\n<p>Seg\u00fan la finalidad para la que se traten los datos obtenidos a trav\u00e9s de las cookies:<\/p>\n\n\n\n<p>Cookies t\u00e9cnicas: son aquellas que permiten al usuario la navegaci\u00f3n a trav\u00e9s de una p\u00e1gina web, plataforma o aplicaci\u00f3n y la utilizaci\u00f3n de las diferentes opciones o servicios que en ella existan, incluyendo aquellas que el editor utiliza para permitir la gesti\u00f3n y operativa de la p\u00e1gina web y habilitar sus funciones y servicios, como, por ejemplo, controlar el tr\u00e1fico y la comunicaci\u00f3n de datos, identificar la sesi\u00f3n, acceder a partes de acceso restringido, recordar los elementos que integran un pedido, realizar el proceso de compra de un pedido, gestionar el pago, controlar el fraude vinculado a la seguridad del servicio, realizar la solicitud de inscripci\u00f3n o participaci\u00f3n en un evento, contar visitas a efectos de la facturaci\u00f3n de licencias del software con el que funciona servicio (sitio web, plataforma o aplicaci\u00f3n), utilizar elementos de seguridad durante la navegaci\u00f3n, almacenar contenidos para la difusi\u00f3n de v\u00eddeos o sonido, habilitar contenidos din\u00e1micos (por ejemplo, animaci\u00f3n de carga de un texto o imagen) o compartir contenidos a trav\u00e9s de redes sociales. Tambi\u00e9n pertenecen a esta categor\u00eda, por su naturaleza t\u00e9cnica, aquellas cookies que permiten la gesti\u00f3n, de la forma m\u00e1s eficaz posible, de los espacios publicitarios que, como un elemento m\u00e1s de dise\u00f1o o \u201cmaquetaci\u00f3n\u201d del servicio ofrecido al usuario, el editor haya incluido en una p\u00e1gina web, aplicaci\u00f3n o plataforma en base a criterios como el contenido editado, sin que se recopile informaci\u00f3n de los usuarios con fines distintos, como puede ser personalizar ese contenido publicitario u otros contenidos.<\/p>\n\n\n\n<p>Cookies de preferencias o personalizaci\u00f3n: son aquellas que permiten recordar informaci\u00f3n para que el usuario acceda al servicio con determinadas caracter\u00edsticas que pueden diferenciar su experiencia de la de otros usuarios, como, por ejemplo, el idioma, el n\u00famero de resultados a mostrar cuando el usuario realiza una b\u00fasqueda, el aspecto o contenido del servicio en funci\u00f3n del tipo de navegador a trav\u00e9s del cual el usuario accede al servicio o de la regi\u00f3n desde la que accede al servicio, etc.&nbsp;&nbsp;&nbsp;&nbsp; .<\/p>\n\n\n\n<p>Cookies de an\u00e1lisis o medici\u00f3n: son aquellas que permiten al responsable de las mismas el seguimiento y an\u00e1lisis del comportamiento de los usuarios de los sitios web a los que est\u00e1n vinculadas, incluida la cuantificaci\u00f3n de los impactos de los anuncios. La informaci\u00f3n recogida mediante este tipo de cookies se utiliza en la medici\u00f3n de la actividad de los sitios web, aplicaci\u00f3n o plataforma, con el fin de introducir mejoras en funci\u00f3n del an\u00e1lisis de los datos de uso que hacen los usuarios del servicio.<\/p>\n\n\n\n<p>Cookies publicitarias: son aqu\u00e9llas que permiten la gesti\u00f3n, de la forma m\u00e1s eficaz posible, de los espacios publicitarios que, en su caso, el editor haya incluido en una p\u00e1gina web, aplicaci\u00f3n o plataforma desde la que presta el servicio solicitado en base a criterios como el contenido editado o la frecuencia en la que se muestran los anuncio.<\/p>\n\n\n\n<p>Cookies de publicidad comportamental: son aqu\u00e9llas que permiten la gesti\u00f3n, de la forma m\u00e1s eficaz posible, de los espacios publicitarios que, en su caso, el editor haya incluido en una p\u00e1gina web, aplicaci\u00f3n o plataforma desde la que presta el servicio solicitado. Estas cookies almacenan informaci\u00f3n del comportamiento de los usuarios obtenida a trav\u00e9s de la observaci\u00f3n continuada de sus h\u00e1bitos de navegaci\u00f3n, lo que permite desarrollar un perfil espec\u00edfico para mostrar publicidad en funci\u00f3n del mismo.<\/p>\n\n\n\n<p><strong>EN CONCRETO, \u00bfQU\u00c9 COOKIES UTILIZAMOS?<\/strong><\/p>\n\n\n\n<figure class=\"wp-block-table\"><table><tbody><tr><td>Nombre de la cookie<\/td><td>Propia \/ De Terceros* &nbsp; *(incluye url a pol\u00edtica de cookies)<\/td><td>Tipo de cookies<\/td><td>Finalidad<\/td><td>Permanencia<\/td><td>Transferencia de datos fuera de la Uni\u00f3n Europea<\/td><\/tr><tr><td><strong>_ga\u00a0<\/strong><\/td><td>Cookie de Google Analytincs<\/td><td><\/td><td>Habilitar la funci\u00f3n de control de visitas \u00fanicas. La primera vez que un usuario entre en el sitio web a trav\u00e9s de un navegador se instalar\u00e1 esta cookie. Cuando este usuario vuelva a entrar en la web con el mismo navegador, la cookie considerar\u00e1 que es el mismo usuario. Solo en el caso de que el usuario cambie de navegador, se considerar\u00e1 otro usuario<\/td><td><\/td><td><\/td><\/tr><tr><td>\u00a0<strong>_gat<\/strong><\/td><td>\u00a0Google Analytics<\/td><td>&nbsp;<\/td><td>\u00a0\u00a0Se utiliza para limitar la velocidad de petici\u00f3n \u2013 la limitaci\u00f3n de la recogida de datos en los sitios de alto tr\u00e1fico.\u00a0<\/td><td>\u00a010 min<\/td><td>&nbsp;<\/td><\/tr><tr><td>\u00a0<strong>_gcl_au<\/strong><\/td><td>&nbsp;<\/td><td>&nbsp;<\/td><td>\u00a0Toma la informaci\u00f3n de los clics en los anuncios y la almacena en una cookie propia para que las conversiones se puedan atribuir fuera de la p\u00e1gina de destino.<\/td><td>\u00a090 d\u00edas<\/td><td>&nbsp;<\/td><\/tr><tr><td>\u00a0<strong>_gid<\/strong><\/td><td>&nbsp;<\/td><td>&nbsp;<\/td><td>\u00a0Se usa para distinguir a los usuarios.\u00a0<\/td><td>\u00a024 horas<\/td><td>&nbsp;<\/td><\/tr><tr><td><a><\/a> &nbsp;<\/td><td>&nbsp;<\/td><td>&nbsp;<\/td><td>&nbsp;<\/td><td><\/td><td>&nbsp;<\/td><\/tr><\/tbody><\/table><\/figure>\n\n\n\n<p>Mediante estas cookies, se elaboran perfiles de los navegantes de nuestra p\u00e1gina web, para tomar decisiones automatizadas basadas en la siguiente l\u00f3gica: _____(preguntar a los desarrolladores web) _____. Este perfilado y las decisiones que se toman sobre los datos tiene como consecuencia un mayor nivel de personalizaci\u00f3n y predicci\u00f3n sobre las preferencias de los navegantes.<\/p>\n\n\n\n<p>Puedes informarte de las transferencias a terceros pa\u00edses que, en su caso, realizan los terceros identificados en esta pol\u00edtica de cookies, as\u00ed como de los riesgos que supone dicha transferencia de acuerdo con sus propias pol\u00edticas ajenas a este sitio web, accediendo a sus correspondientes pol\u00edticas de cookies facilitadas en cada <strong>caso en la tabla anterior.<\/strong><\/p>\n\n\n\n<p>Puedes aceptar, denegar o revocar el consentimiento para el uso de las cookies descritas en esta pol\u00edtica a trav\u00e9s del configurador de cookies que aparece disponible en el aviso inicial de uso de cookies cuando accedes a la p\u00e1gina principal, pero tambi\u00e9n puedes desactivar o eliminar las cookies aceptadas previamente a trav\u00e9s de las propias configuraciones de los navegadores de internet. Te indicamos los m\u00e1s populares en esta misma pol\u00edtica de cookies.<\/p>\n\n\n\n<p><strong>\u00bfC\u00d3MO DESACTIVAR LAS COOKIES?<\/strong><\/p>\n\n\n\n<p>El bloqueo o desactivaci\u00f3n de todas las cookies ayuda a proteger la privacidad, pero tambi\u00e9n puede limitar la experiencia en algunos sitios web, as\u00ed como limitar funcionalidades o, incluso, no permitir la correcta navegaci\u00f3n o utilizaci\u00f3n de algunos de sus servicios.&nbsp;<\/p>\n\n\n\n<p>Puedes activar o desactivar las cookies descritas anteriormente (a excepci\u00f3n de las cookies t\u00e9cnicas, que son necesarias para el correcto funcionamiento) a trav\u00e9s del configurador que aparece en el aviso de uso de cookies, al acceder a nuestra p\u00e1gina principal. Ten en cuenta que, si aceptas las cookies de terceros, deber\u00e1s eliminarlas desde las opciones del navegador o desde el sistema ofrecido por el propio tercero.<\/p>\n\n\n\n<p>Del mismo modo, si quieres saber c\u00f3mo desactivar las cookies en los navegadores web m\u00e1s populares, accede a los siguientes tutoriales:<\/p>\n\n\n\n<ul class=\"wp-block-list\">\n<li><a href=\"http:\/\/support.google.com\/chrome\/answer\/95647?hl=es\"><em>Google Chrome<\/em><\/a><\/li>\n\n\n\n<li><a href=\"http:\/\/support.mozilla.org\/es\/kb\/habilitar-y-deshabilitar-cookies-que-los-sitios-we\"><em>Mozilla Firefox<\/em><\/a><\/li>\n\n\n\n<li><a href=\"https:\/\/support.microsoft.com\/es-es\/microsoft-edge\/eliminar-las-cookies-en-microsoft-edge-63947406-40ac-c3b8-57b9-2a946a29ae09\"><em>Microsoft<\/em><\/a><em> Edge<\/em><\/li>\n\n\n\n<li><a href=\"http:\/\/support.apple.com\/es-es\/HT1677\"><em>Safari<\/em><\/a><\/li>\n\n\n\n<li><a href=\"http:\/\/support.google.com\/chrome\/answer\/2392971?hl=es\"><em>Chrome para Android<\/em><\/a><\/li>\n\n\n\n<li><a href=\"http:\/\/help.opera.com\/Windows\/11.50\/es-ES\/cookies.html\"><em>Opera<\/em><\/a><\/li>\n<\/ul>\n\n\n\n<p>Si tienes alguna pregunta o duda acerca de esta Pol\u00edtica de Cookies, puedes ponerte en contacto con nosotros a trav\u00e9s de los medios de contacto de nuestra p\u00e1gina web.<\/p>\n\n\n\n<p>Si deseas informaci\u00f3n competa y concreta sobre protecci\u00f3n de datos personales, te remitimos a nuestra pol\u00edtica de privacidad.<\/p>\n","protected":false},"excerpt":{"rendered":"<p>POL\u00cdTICA DE COOKIES Fecha de \u00faltima actualizaci\u00f3n: 04\/04\/2024 \u00bfQU\u00c9 SON LAS COOKIES? Las cookies son&nbsp;peque\u00f1os ficheros que se instalan en el disco duro o en el navegador del ordenador, tablet, smartphone o dispositivo equivalente con funciones de navegaci\u00f3n a trav\u00e9s de Internet y ayudan a, entre otros: personalizar los servicios del titular de la web, [&hellip;]<\/p>\n","protected":false},"author":1,"featured_media":0,"parent":0,"menu_order":0,"comment_status":"closed","ping_status":"closed","template":"legal.php","meta":{"_acf_changed":false,"inline_featured_image":false,"footnotes":""},"class_list":["post-5184","page","type-page","status-publish","hentry"],"acf":[],"yoast_head":"<!-- This site is optimized with the Yoast SEO plugin v27.4 - https:\/\/yoast.com\/product\/yoast-seo-wordpress\/ -->\n<title>Pol\u00edtica de cookies - Arklam<\/title>\n<meta name=\"robots\" content=\"index, follow, max-snippet:-1, max-image-preview:large, max-video-preview:-1\" \/>\n<link rel=\"canonical\" href=\"https:\/\/arklam.com\/fr\/politica-de-cookies\/\" \/>\n<meta property=\"og:locale\" content=\"fr_FR\" \/>\n<meta property=\"og:type\" content=\"article\" \/>\n<meta property=\"og:title\" content=\"Pol\u00edtica de cookies - Arklam\" \/>\n<meta property=\"og:description\" content=\"POL\u00cdTICA DE COOKIES Fecha de \u00faltima actualizaci\u00f3n: 04\/04\/2024 \u00bfQU\u00c9 SON LAS COOKIES? Las cookies son&nbsp;peque\u00f1os ficheros que se instalan en el disco duro o en el navegador del ordenador, tablet, smartphone o dispositivo equivalente con funciones de navegaci\u00f3n a trav\u00e9s de Internet y ayudan a, entre otros: personalizar los servicios del titular de la web, [&hellip;]\" \/>\n<meta property=\"og:url\" content=\"https:\/\/arklam.com\/fr\/politica-de-cookies\/\" \/>\n<meta property=\"og:site_name\" content=\"Arklam\" \/>\n<meta property=\"article:modified_time\" content=\"2024-04-15T06:44:23+00:00\" \/>\n<meta name=\"twitter:card\" content=\"summary_large_image\" \/>\n<meta name=\"twitter:label1\" content=\"Dur\u00e9e de lecture estim\u00e9e\" \/>\n\t<meta name=\"twitter:data1\" content=\"9 minutes\" \/>\n<script type=\"application\/ld+json\" class=\"yoast-schema-graph\">{\"@context\":\"https:\\\/\\\/schema.org\",\"@graph\":[{\"@type\":\"WebPage\",\"@id\":\"https:\\\/\\\/arklam.com\\\/fr\\\/politica-de-cookies\\\/\",\"url\":\"https:\\\/\\\/arklam.com\\\/fr\\\/politica-de-cookies\\\/\",\"name\":\"Pol\u00edtica de cookies - Arklam\",\"isPartOf\":{\"@id\":\"https:\\\/\\\/arklam.com\\\/fr\\\/#website\"},\"datePublished\":\"2021-06-29T11:00:13+00:00\",\"dateModified\":\"2024-04-15T06:44:23+00:00\",\"breadcrumb\":{\"@id\":\"https:\\\/\\\/arklam.com\\\/fr\\\/politica-de-cookies\\\/#breadcrumb\"},\"inLanguage\":\"fr-FR\",\"potentialAction\":[{\"@type\":\"ReadAction\",\"target\":[\"https:\\\/\\\/arklam.com\\\/fr\\\/politica-de-cookies\\\/\"]}]},{\"@type\":\"BreadcrumbList\",\"@id\":\"https:\\\/\\\/arklam.com\\\/fr\\\/politica-de-cookies\\\/#breadcrumb\",\"itemListElement\":[{\"@type\":\"ListItem\",\"position\":1,\"name\":\"Portada\",\"item\":\"https:\\\/\\\/arklam.com\\\/fr\\\/\"},{\"@type\":\"ListItem\",\"position\":2,\"name\":\"Pol\u00edtica de cookies\"}]},{\"@type\":\"WebSite\",\"@id\":\"https:\\\/\\\/arklam.com\\\/fr\\\/#website\",\"url\":\"https:\\\/\\\/arklam.com\\\/fr\\\/\",\"name\":\"Arklam\",\"description\":\"\",\"potentialAction\":[{\"@type\":\"SearchAction\",\"target\":{\"@type\":\"EntryPoint\",\"urlTemplate\":\"https:\\\/\\\/arklam.com\\\/fr\\\/?s={search_term_string}\"},\"query-input\":{\"@type\":\"PropertyValueSpecification\",\"valueRequired\":true,\"valueName\":\"search_term_string\"}}],\"inLanguage\":\"fr-FR\"}]}<\/script>\n<!-- \/ Yoast SEO plugin. -->","yoast_head_json":{"title":"Pol\u00edtica de cookies - Arklam","robots":{"index":"index","follow":"follow","max-snippet":"max-snippet:-1","max-image-preview":"max-image-preview:large","max-video-preview":"max-video-preview:-1"},"canonical":"https:\/\/arklam.com\/fr\/politica-de-cookies\/","og_locale":"fr_FR","og_type":"article","og_title":"Pol\u00edtica de cookies - Arklam","og_description":"POL\u00cdTICA DE COOKIES Fecha de \u00faltima actualizaci\u00f3n: 04\/04\/2024 \u00bfQU\u00c9 SON LAS COOKIES? Las cookies son&nbsp;peque\u00f1os ficheros que se instalan en el disco duro o en el navegador del ordenador, tablet, smartphone o dispositivo equivalente con funciones de navegaci\u00f3n a trav\u00e9s de Internet y ayudan a, entre otros: personalizar los servicios del titular de la web, [&hellip;]","og_url":"https:\/\/arklam.com\/fr\/politica-de-cookies\/","og_site_name":"Arklam","article_modified_time":"2024-04-15T06:44:23+00:00","twitter_card":"summary_large_image","twitter_misc":{"Dur\u00e9e de lecture estim\u00e9e":"9 minutes"},"schema":{"@context":"https:\/\/schema.org","@graph":[{"@type":"WebPage","@id":"https:\/\/arklam.com\/fr\/politica-de-cookies\/","url":"https:\/\/arklam.com\/fr\/politica-de-cookies\/","name":"Pol\u00edtica de cookies - Arklam","isPartOf":{"@id":"https:\/\/arklam.com\/fr\/#website"},"datePublished":"2021-06-29T11:00:13+00:00","dateModified":"2024-04-15T06:44:23+00:00","breadcrumb":{"@id":"https:\/\/arklam.com\/fr\/politica-de-cookies\/#breadcrumb"},"inLanguage":"fr-FR","potentialAction":[{"@type":"ReadAction","target":["https:\/\/arklam.com\/fr\/politica-de-cookies\/"]}]},{"@type":"BreadcrumbList","@id":"https:\/\/arklam.com\/fr\/politica-de-cookies\/#breadcrumb","itemListElement":[{"@type":"ListItem","position":1,"name":"Portada","item":"https:\/\/arklam.com\/fr\/"},{"@type":"ListItem","position":2,"name":"Pol\u00edtica de cookies"}]},{"@type":"WebSite","@id":"https:\/\/arklam.com\/fr\/#website","url":"https:\/\/arklam.com\/fr\/","name":"Arklam","description":"","potentialAction":[{"@type":"SearchAction","target":{"@type":"EntryPoint","urlTemplate":"https:\/\/arklam.com\/fr\/?s={search_term_string}"},"query-input":{"@type":"PropertyValueSpecification","valueRequired":true,"valueName":"search_term_string"}}],"inLanguage":"fr-FR"}]}},"_links":{"self":[{"href":"https:\/\/arklam.com\/fr\/wp-json\/wp\/v2\/pages\/5184","targetHints":{"allow":["GET"]}}],"collection":[{"href":"https:\/\/arklam.com\/fr\/wp-json\/wp\/v2\/pages"}],"about":[{"href":"https:\/\/arklam.com\/fr\/wp-json\/wp\/v2\/types\/page"}],"author":[{"embeddable":true,"href":"https:\/\/arklam.com\/fr\/wp-json\/wp\/v2\/users\/1"}],"replies":[{"embeddable":true,"href":"https:\/\/arklam.com\/fr\/wp-json\/wp\/v2\/comments?post=5184"}],"version-history":[{"count":4,"href":"https:\/\/arklam.com\/fr\/wp-json\/wp\/v2\/pages\/5184\/revisions"}],"predecessor-version":[{"id":11242,"href":"https:\/\/arklam.com\/fr\/wp-json\/wp\/v2\/pages\/5184\/revisions\/11242"}],"wp:attachment":[{"href":"https:\/\/arklam.com\/fr\/wp-json\/wp\/v2\/media?parent=5184"}],"curies":[{"name":"wp","href":"https:\/\/api.w.org\/{rel}","templated":true}]}}