{"id":5185,"date":"2021-06-29T10:59:48","date_gmt":"2021-06-29T10:59:48","guid":{"rendered":"http:\/\/arklam.com\/politica-de-privacidad\/"},"modified":"2022-06-03T10:04:17","modified_gmt":"2022-06-03T10:04:17","slug":"politica-de-privacipolitique-de-confidentialite","status":"publish","type":"page","link":"https:\/\/arklam.com\/fr\/politica-de-privacipolitique-de-confidentialite\/","title":{"rendered":"Politique de confidentialit\u00e9"},"content":{"rendered":"\n<h2 class=\"wp-block-heading\">QUI EST LE RESPONSABLE DU TRAITEMENT\u00a0?<\/h2>\n\n\n\n<ul class=\"wp-block-list\"><li>Identit\u00e9 du responsable. SANICERAMIC IMPORT AND EXPORT, S.L. (B96152004)<\/li><li>Adresse physique. CRTA. ALCORA KM 7,5 \u2013 12130 SANT JOAN DE MOR\u00d3 (CASTELL\u00d3N)<\/li><li>Courrier \u00e9lectronique. arklam@arklam.es<\/li><li>T\u00e9l\u00e9phone. +34\u00a0964\u00a0626 309<\/li><\/ul>\n\n\n\n<h2 class=\"wp-block-heading\">QUELLES DONN\u00c9ES PERSONNELLES TRAITONS-NOUS ?<\/h2>\n\n\n\n<p>Dans le cadre des diff\u00e9rents traitements des activit\u00e9s r\u00e9alis\u00e9es dans l\u2019organisation, les types de donn\u00e9es suivants sont collect\u00e9s\u00a0:<\/p>\n\n\n\n<p>&#8211; Donn\u00e9es \u00e0 caract\u00e8re d\u2019identification<\/p>\n\n\n\n<p>&#8211; Donn\u00e9es scolaires et professionnelles<\/p>\n\n\n\n<h2 class=\"wp-block-heading\">DANS QUEL BUT ET CAS SP\u00c9CIFIQUES TRAITONS-NOUS LES DONN\u00c9ES PERSONNELLES\u00a0?<\/h2>\n\n\n\n<p>Nous traitons les donn\u00e9es personnelles aux fins suivantes\u00a0:<\/p>\n\n\n\n<ul class=\"wp-block-list\"><li>Newsletter\u00a0: Envoyer des informations par les moyens pr\u00e9vus sur les lancements, les actualit\u00e9s, les produits et les services li\u00e9s \u00e0 nous ou \u00e0 notre secteur.<\/li><li>Contact\u00a0: r\u00e9pondre aux demandes d\u2019informations re\u00e7ues \u00e0 propos des produits et services propos\u00e9s, ainsi que r\u00e9pondre \u00e0 tout autre type de question envoy\u00e9 par les utilisateurs.<\/li><\/ul>\n\n\n\n<p>Les donn\u00e9es personnelles collect\u00e9es ne seront pas utilis\u00e9es pour cr\u00e9er des profils ou prendre des d\u00e9cisions automatis\u00e9es.<\/p>\n\n\n\n<h2 class=\"wp-block-heading\">QUELLE EST LA L\u00c9GITIMATION POUR LE TRAITEMENT DES DONN\u00c9ES ?<\/h2>\n\n\n\n<p>Dans l\u2019organisation, il est possible de traiter des informations \u00e0 caract\u00e8re personnel pour\u00a0:<\/p>\n\n\n\n<p>\u00b7 Respect des obligations l\u00e9gales et r\u00e9glementaires\u00a0: \u00c0 titre d\u2019exemple, liste non exhaustive. Loi g\u00e9n\u00e9rale pour la d\u00e9fense des consommateurs et des usagers, Loi fiscale g\u00e9n\u00e9rale, Loi de l\u2019imp\u00f4t sur les soci\u00e9t\u00e9s, Loi de la v\u00e9rification des comptes, Loi de la taxe sur la valeur ajout\u00e9e, Code civil, Code de commerce.<\/p>\n\n\n\n<p>\u00b7 Ex\u00e9cution d\u2019un contrat\u00a0: Informations \u00e0 propos des produits et\/ou services contract\u00e9s, traiter des demandes.<\/p>\n\n\n\n<p>\u00b7 Consentement\u00a0: En acc\u00e9dant \u00e0 notre site web et en remplissant les formulaires ou en nous envoyant des donn\u00e9es par les moyens de contact \u00e9lectroniques indiqu\u00e9s, vous acceptez la pr\u00e9sente politique de confidentialit\u00e9. C\u2019est pourquoi nous nous basons sur le consentement de l\u2019utilisateur pour le traitement de ses donn\u00e9es. En outre, nous vous informons que nous n\u2019utiliserons les informations personnelles qu&rsquo;en vertu de cette politique de confidentialit\u00e9 et, en g\u00e9n\u00e9ral, nous demanderons votre consentement pour des utilisations autres que celles pour lesquelles vous l\u2019avez initialement consenti. Nous vous informons \u00e9galement que vous pouvez retirer votre consentement \u00e0 tout moment, il vous suffira de nous contacter via les moyens indiqu\u00e9s dans cette politique de confidentialit\u00e9.<\/p>\n\n\n\n<p>Pour les r\u00e9ponses aux demandes, la personne concern\u00e9e devra fournir les informations minimums demand\u00e9es. Dans le cas contraire, elles ne pourront pas \u00eatre trait\u00e9es.<\/p>\n\n\n\n<h2 class=\"wp-block-heading\">COMBIEN DE TEMPS TRAITONS-NOUS LES DONN\u00c9ES PERSONNELLES\u00a0?<\/h2>\n\n\n\n<p>Nous traitons les donn\u00e9es personnelles pendant les p\u00e9riodes suivantes\u00a0:<\/p>\n\n\n\n<p>(I) La p\u00e9riode \u00e9tablie par la loi<\/p>\n\n\n\n<p>(II) La p\u00e9riode n\u00e9cessaire pour se conformer aux obligations op\u00e9rationnelles<\/p>\n\n\n\n<p>Les donn\u00e9es seront conserv\u00e9es pendant le temps n\u00e9cessaire pour se conformer \u00e0 l\u2019objectif pour lequel elles ont \u00e9t\u00e9 collect\u00e9es et d\u00e9terminer des \u00e9ventuelles responsabilit\u00e9s qui peuvent d\u00e9couler de cet objectif et du traitement des donn\u00e9es, conform\u00e9ment aux r\u00e9glementations mentionn\u00e9es ci-dessus, en plus des p\u00e9riodes \u00e9tablies dans la r\u00e9glementation applicable en mati\u00e8re d\u2019archivage et de documentation.<\/p>\n\n\n\n<h2 class=\"wp-block-heading\">AVEC QUI PARTAGEONS-NOUS VOS DONN\u00c9ES\u00a0?<\/h2>\n\n\n\n<p>Pour se conformer aux objectifs d\u00e9crits ci-dessus, il est possible de partager des donn\u00e9es personnelles avec\u00a0:<\/p>\n\n\n\n<p>\u00b7 Des fournisseurs qui assurent des services en notre nom<\/p>\n\n\n\n<p>Nous vous informons qu\u2019en g\u00e9n\u00e9ral, aucun transfert international n\u2019est effectu\u00e9 en dehors de l\u2019Espace \u00e9conomique europ\u00e9en (EEE). En cas de transfert de donn\u00e9es en dehors de l\u2019EEE, L\u2019ORGANISATION disposera des garanties appropri\u00e9es pour effectuer ce transfert, conform\u00e9ment aux exigences \u00e9tablies par le r\u00e8glement g\u00e9n\u00e9ral sur la protection des donn\u00e9es.<\/p>\n\n\n\n<h2 class=\"wp-block-heading\">QUELS DROITS POUVEZ-VOUS FAIRE VALOIR\u00a0?<\/h2>\n\n\n\n<p>Conform\u00e9ment \u00e0 la r\u00e9glementation europ\u00e9enne, vous pouvez faire valoir les droits suivants\u00a0:<\/p>\n\n\n\n<p>&#8211; Acc\u00e8s, droit de demander des informations au responsable d\u2019un fichier pour savoir si vos donn\u00e9es personnelles sont trait\u00e9es ou pas.<\/p>\n\n\n\n<p>&#8211; Rectification, droit qui permet \u00e0 la personne concern\u00e9e de demander la modification des donn\u00e9es inexactes ou incompl\u00e8tes.<\/p>\n\n\n\n<p>&#8211; Opposition, droit d\u2019une personne de s\u2019opposer au traitement de ses donn\u00e9es personnelles ou la cessation.<\/p>\n\n\n\n<p>&#8211; D\u00e9cisions individuelles automatis\u00e9es, le droit de ne pas faire l\u2019objet d\u2019une d\u00e9cision fond\u00e9e uniquement sur le traitement automatis\u00e9, y compris le profilage, qui produit des effets juridiques \u00e0 son \u00e9gard ou l\u2019affecte significativement de fa\u00e7on similaire.<\/p>\n\n\n\n<p>&#8211; Limitation, droit de suspendre le traitement des donn\u00e9es personnelles de l\u2019utilisateur dans certaines circonstances.<\/p>\n\n\n\n<p>&#8211; Suppression ou omission, droit de supprimer les donn\u00e9es personnelles de la personne concern\u00e9e.<\/p>\n\n\n\n<p>&#8211; Portabilit\u00e9, droit de demander au responsable du traitement de fournir des donn\u00e9es personnelles dans un format structur\u00e9 et clair \u00e0 un autre responsable.<\/p>\n\n\n\n<p>Le d\u00e9lai maximum pour la r\u00e9solution de la demande est de 30\u00a0jours \u00e0 compter de sa r\u00e9ception, qui peut \u00eatre prolong\u00e9 pour une p\u00e9riode maximale de 2\u00a0mois si n\u00e9cessaire.<\/p>\n\n\n\n<p>Le demandeur peut exercer ses droits par les moyens suivants\u00a0:<\/p>\n\n\n\n<p>&#8211; E-mail \u00e0 arklam@arklam.es, fournissant la documentation accr\u00e9ditant l\u2019identit\u00e9 du demandeur (copie du recto de la carte nationale d\u2019identit\u00e9, ou \u00e9quivalent).<\/p>\n\n\n\n<p>&#8211; Courrier postal \u00e0 CRTA. ALCORA KM 7,5 \u2013 12130 SANT JOAN DE MOR\u00d3 (CASTELL\u00d3N) fournissant la documentation accr\u00e9ditant l\u2019identit\u00e9 du demandeur (copie du recto de la carte nationale d\u2019identit\u00e9, ou \u00e9quivalent).<\/p>\n\n\n\n<p>&#8211; Quoi qu\u2019il en soit, vous pouvez demander la protection de l\u2019agence espagnole de protection des donn\u00e9es via <a href=\"https:\/\/www.aepd.es\/es\">son site web.<\/a><\/p>\n\n\n\n<h2 class=\"wp-block-heading\">MODIFICATIONS DANS CETTE POLITIQUE DE CONFIDENTIALIT\u00c9<\/h2>\n\n\n\n<p>Cette politique de confidentialit\u00e9 peut \u00eatre r\u00e9vis\u00e9e pour actualiser les modifications de la l\u00e9gislation en vigueur, mettre \u00e0 jour les proc\u00e9dures de collecte et d\u2019utilisation des informations \u00e0 caract\u00e8re personnel, l\u2019apparition de nouveaux services ou l\u2019exclusion d\u2019autres services. Ces changements seront en vigueur \u00e0 partir de leur publication sur le site web, il est ainsi important de relire r\u00e9guli\u00e8rement cette politique de confidentialit\u00e9 afin de se tenir inform\u00e9 des modifications.<\/p>\n","protected":false},"excerpt":{"rendered":"<p>QUI EST LE RESPONSABLE DU TRAITEMENT\u00a0? Identit\u00e9 du responsable. SANICERAMIC IMPORT AND EXPORT, S.L. (B96152004) Adresse physique. CRTA. ALCORA KM 7,5 \u2013 12130 SANT JOAN DE MOR\u00d3 (CASTELL\u00d3N) Courrier \u00e9lectronique. arklam@arklam.es T\u00e9l\u00e9phone. +34\u00a0964\u00a0626 309 QUELLES DONN\u00c9ES PERSONNELLES TRAITONS-NOUS ? Dans le cadre des diff\u00e9rents traitements des activit\u00e9s r\u00e9alis\u00e9es dans l\u2019organisation, les types de donn\u00e9es suivants [&hellip;]<\/p>\n","protected":false},"author":1,"featured_media":0,"parent":0,"menu_order":0,"comment_status":"closed","ping_status":"closed","template":"legal.php","meta":{"_acf_changed":false,"inline_featured_image":false,"footnotes":""},"class_list":["post-5185","page","type-page","status-publish","hentry"],"acf":[],"yoast_head":"<!-- This site is optimized with the Yoast SEO plugin v27.4 - https:\/\/yoast.com\/product\/yoast-seo-wordpress\/ -->\n<title>Politique de confidentialit\u00e9 - Arklam<\/title>\n<meta name=\"robots\" content=\"index, follow, max-snippet:-1, max-image-preview:large, max-video-preview:-1\" \/>\n<link rel=\"canonical\" href=\"https:\/\/arklam.com\/fr\/politica-de-privacipolitique-de-confidentialite\/\" \/>\n<meta property=\"og:locale\" content=\"fr_FR\" \/>\n<meta property=\"og:type\" content=\"article\" \/>\n<meta property=\"og:title\" content=\"Politique de confidentialit\u00e9 - Arklam\" \/>\n<meta property=\"og:description\" content=\"QUI EST LE RESPONSABLE DU TRAITEMENT\u00a0? Identit\u00e9 du responsable. SANICERAMIC IMPORT AND EXPORT, S.L. (B96152004) Adresse physique. CRTA. ALCORA KM 7,5 \u2013 12130 SANT JOAN DE MOR\u00d3 (CASTELL\u00d3N) Courrier \u00e9lectronique. arklam@arklam.es T\u00e9l\u00e9phone. +34\u00a0964\u00a0626 309 QUELLES DONN\u00c9ES PERSONNELLES TRAITONS-NOUS ? Dans le cadre des diff\u00e9rents traitements des activit\u00e9s r\u00e9alis\u00e9es dans l\u2019organisation, les types de donn\u00e9es suivants [&hellip;]\" \/>\n<meta property=\"og:url\" content=\"https:\/\/arklam.com\/fr\/politica-de-privacipolitique-de-confidentialite\/\" \/>\n<meta property=\"og:site_name\" content=\"Arklam\" \/>\n<meta property=\"article:modified_time\" content=\"2022-06-03T10:04:17+00:00\" \/>\n<meta name=\"twitter:card\" content=\"summary_large_image\" \/>\n<meta name=\"twitter:label1\" content=\"Dur\u00e9e de lecture estim\u00e9e\" \/>\n\t<meta name=\"twitter:data1\" content=\"5 minutes\" \/>\n<script type=\"application\/ld+json\" class=\"yoast-schema-graph\">{\"@context\":\"https:\\\/\\\/schema.org\",\"@graph\":[{\"@type\":\"WebPage\",\"@id\":\"https:\\\/\\\/arklam.com\\\/fr\\\/politica-de-privacipolitique-de-confidentialite\\\/\",\"url\":\"https:\\\/\\\/arklam.com\\\/fr\\\/politica-de-privacipolitique-de-confidentialite\\\/\",\"name\":\"Politique de confidentialit\u00e9 - Arklam\",\"isPartOf\":{\"@id\":\"https:\\\/\\\/arklam.com\\\/fr\\\/#website\"},\"datePublished\":\"2021-06-29T10:59:48+00:00\",\"dateModified\":\"2022-06-03T10:04:17+00:00\",\"breadcrumb\":{\"@id\":\"https:\\\/\\\/arklam.com\\\/fr\\\/politica-de-privacipolitique-de-confidentialite\\\/#breadcrumb\"},\"inLanguage\":\"fr-FR\",\"potentialAction\":[{\"@type\":\"ReadAction\",\"target\":[\"https:\\\/\\\/arklam.com\\\/fr\\\/politica-de-privacipolitique-de-confidentialite\\\/\"]}]},{\"@type\":\"BreadcrumbList\",\"@id\":\"https:\\\/\\\/arklam.com\\\/fr\\\/politica-de-privacipolitique-de-confidentialite\\\/#breadcrumb\",\"itemListElement\":[{\"@type\":\"ListItem\",\"position\":1,\"name\":\"Portada\",\"item\":\"https:\\\/\\\/arklam.com\\\/fr\\\/\"},{\"@type\":\"ListItem\",\"position\":2,\"name\":\"Politique de confidentialit\u00e9\"}]},{\"@type\":\"WebSite\",\"@id\":\"https:\\\/\\\/arklam.com\\\/fr\\\/#website\",\"url\":\"https:\\\/\\\/arklam.com\\\/fr\\\/\",\"name\":\"Arklam\",\"description\":\"\",\"potentialAction\":[{\"@type\":\"SearchAction\",\"target\":{\"@type\":\"EntryPoint\",\"urlTemplate\":\"https:\\\/\\\/arklam.com\\\/fr\\\/?s={search_term_string}\"},\"query-input\":{\"@type\":\"PropertyValueSpecification\",\"valueRequired\":true,\"valueName\":\"search_term_string\"}}],\"inLanguage\":\"fr-FR\"}]}<\/script>\n<!-- \/ Yoast SEO plugin. -->","yoast_head_json":{"title":"Politique de confidentialit\u00e9 - Arklam","robots":{"index":"index","follow":"follow","max-snippet":"max-snippet:-1","max-image-preview":"max-image-preview:large","max-video-preview":"max-video-preview:-1"},"canonical":"https:\/\/arklam.com\/fr\/politica-de-privacipolitique-de-confidentialite\/","og_locale":"fr_FR","og_type":"article","og_title":"Politique de confidentialit\u00e9 - Arklam","og_description":"QUI EST LE RESPONSABLE DU TRAITEMENT\u00a0? Identit\u00e9 du responsable. SANICERAMIC IMPORT AND EXPORT, S.L. (B96152004) Adresse physique. CRTA. ALCORA KM 7,5 \u2013 12130 SANT JOAN DE MOR\u00d3 (CASTELL\u00d3N) Courrier \u00e9lectronique. arklam@arklam.es T\u00e9l\u00e9phone. +34\u00a0964\u00a0626 309 QUELLES DONN\u00c9ES PERSONNELLES TRAITONS-NOUS ? Dans le cadre des diff\u00e9rents traitements des activit\u00e9s r\u00e9alis\u00e9es dans l\u2019organisation, les types de donn\u00e9es suivants [&hellip;]","og_url":"https:\/\/arklam.com\/fr\/politica-de-privacipolitique-de-confidentialite\/","og_site_name":"Arklam","article_modified_time":"2022-06-03T10:04:17+00:00","twitter_card":"summary_large_image","twitter_misc":{"Dur\u00e9e de lecture estim\u00e9e":"5 minutes"},"schema":{"@context":"https:\/\/schema.org","@graph":[{"@type":"WebPage","@id":"https:\/\/arklam.com\/fr\/politica-de-privacipolitique-de-confidentialite\/","url":"https:\/\/arklam.com\/fr\/politica-de-privacipolitique-de-confidentialite\/","name":"Politique de confidentialit\u00e9 - Arklam","isPartOf":{"@id":"https:\/\/arklam.com\/fr\/#website"},"datePublished":"2021-06-29T10:59:48+00:00","dateModified":"2022-06-03T10:04:17+00:00","breadcrumb":{"@id":"https:\/\/arklam.com\/fr\/politica-de-privacipolitique-de-confidentialite\/#breadcrumb"},"inLanguage":"fr-FR","potentialAction":[{"@type":"ReadAction","target":["https:\/\/arklam.com\/fr\/politica-de-privacipolitique-de-confidentialite\/"]}]},{"@type":"BreadcrumbList","@id":"https:\/\/arklam.com\/fr\/politica-de-privacipolitique-de-confidentialite\/#breadcrumb","itemListElement":[{"@type":"ListItem","position":1,"name":"Portada","item":"https:\/\/arklam.com\/fr\/"},{"@type":"ListItem","position":2,"name":"Politique de confidentialit\u00e9"}]},{"@type":"WebSite","@id":"https:\/\/arklam.com\/fr\/#website","url":"https:\/\/arklam.com\/fr\/","name":"Arklam","description":"","potentialAction":[{"@type":"SearchAction","target":{"@type":"EntryPoint","urlTemplate":"https:\/\/arklam.com\/fr\/?s={search_term_string}"},"query-input":{"@type":"PropertyValueSpecification","valueRequired":true,"valueName":"search_term_string"}}],"inLanguage":"fr-FR"}]}},"_links":{"self":[{"href":"https:\/\/arklam.com\/fr\/wp-json\/wp\/v2\/pages\/5185","targetHints":{"allow":["GET"]}}],"collection":[{"href":"https:\/\/arklam.com\/fr\/wp-json\/wp\/v2\/pages"}],"about":[{"href":"https:\/\/arklam.com\/fr\/wp-json\/wp\/v2\/types\/page"}],"author":[{"embeddable":true,"href":"https:\/\/arklam.com\/fr\/wp-json\/wp\/v2\/users\/1"}],"replies":[{"embeddable":true,"href":"https:\/\/arklam.com\/fr\/wp-json\/wp\/v2\/comments?post=5185"}],"version-history":[{"count":2,"href":"https:\/\/arklam.com\/fr\/wp-json\/wp\/v2\/pages\/5185\/revisions"}],"predecessor-version":[{"id":6015,"href":"https:\/\/arklam.com\/fr\/wp-json\/wp\/v2\/pages\/5185\/revisions\/6015"}],"wp:attachment":[{"href":"https:\/\/arklam.com\/fr\/wp-json\/wp\/v2\/media?parent=5185"}],"curies":[{"name":"wp","href":"https:\/\/api.w.org\/{rel}","templated":true}]}}