{"id":5187,"date":"2021-06-29T10:59:18","date_gmt":"2021-06-29T10:59:18","guid":{"rendered":"http:\/\/arklam.com\/copyright\/"},"modified":"2022-06-03T09:37:17","modified_gmt":"2022-06-03T09:37:17","slug":"copyright","status":"publish","type":"page","link":"https:\/\/arklam.com\/fr\/copyright\/","title":{"rendered":"Copyright"},"content":{"rendered":"\n<h2 class=\"wp-block-heading\">COPYRIGHT<\/h2>\n\n\n\n<p><br>Arklam est une marque d\u00e9pos\u00e9e de Saniceramic Group.<\/p>\n\n\n\n<p>Conform\u00e9ment \u00e0 la l\u00e9gislation en vigueur, la reproduction totale ou partielle de cette publication par quelque moyen ou proc\u00e9d\u00e9 que ce soit, le traitement informatique ou toute forme de transfert de celle-ci sans l\u2019autorisation \u00e9crite pr\u00e9alable des titulaires des droits d\u2019auteur est interdite.<\/p>\n\n\n\n<p>Toutes les images et le contenu de ce site web appartiennent \u00e0 Saniceramic Group.<\/p>\n\n\n\n<p>Saniceramic Group se r\u00e9serve tous les droits et, en particulier, ceux de reproduction, distribution, communication publique et transformation, y compris partielle.<\/p>\n\n\n\n<p>\u00a9 2022 Saniceramic Group. Tous droits r\u00e9serv\u00e9s.<\/p>\n","protected":false},"excerpt":{"rendered":"<p>COPYRIGHT Arklam est une marque d\u00e9pos\u00e9e de Saniceramic Group. Conform\u00e9ment \u00e0 la l\u00e9gislation en vigueur, la reproduction totale ou partielle de cette publication par quelque moyen ou proc\u00e9d\u00e9 que ce soit, le traitement informatique ou toute forme de transfert de celle-ci sans l\u2019autorisation \u00e9crite pr\u00e9alable des titulaires des droits d\u2019auteur est interdite. Toutes les images [&hellip;]<\/p>\n","protected":false},"author":1,"featured_media":0,"parent":0,"menu_order":0,"comment_status":"closed","ping_status":"closed","template":"legal.php","meta":{"_acf_changed":false,"inline_featured_image":false,"footnotes":""},"class_list":["post-5187","page","type-page","status-publish","hentry"],"acf":[],"yoast_head":"<!-- This site is optimized with the Yoast SEO plugin v27.4 - https:\/\/yoast.com\/product\/yoast-seo-wordpress\/ -->\n<title>Copyright - Arklam<\/title>\n<meta name=\"robots\" content=\"index, follow, max-snippet:-1, max-image-preview:large, max-video-preview:-1\" \/>\n<link rel=\"canonical\" href=\"https:\/\/arklam.com\/fr\/copyright\/\" \/>\n<meta property=\"og:locale\" content=\"fr_FR\" \/>\n<meta property=\"og:type\" content=\"article\" \/>\n<meta property=\"og:title\" content=\"Copyright - Arklam\" \/>\n<meta property=\"og:description\" content=\"COPYRIGHT Arklam est une marque d\u00e9pos\u00e9e de Saniceramic Group. Conform\u00e9ment \u00e0 la l\u00e9gislation en vigueur, la reproduction totale ou partielle de cette publication par quelque moyen ou proc\u00e9d\u00e9 que ce soit, le traitement informatique ou toute forme de transfert de celle-ci sans l\u2019autorisation \u00e9crite pr\u00e9alable des titulaires des droits d\u2019auteur est interdite. Toutes les images [&hellip;]\" \/>\n<meta property=\"og:url\" content=\"https:\/\/arklam.com\/fr\/copyright\/\" \/>\n<meta property=\"og:site_name\" content=\"Arklam\" \/>\n<meta property=\"article:modified_time\" content=\"2022-06-03T09:37:17+00:00\" \/>\n<meta name=\"twitter:card\" content=\"summary_large_image\" \/>\n<meta name=\"twitter:label1\" content=\"Dur\u00e9e de lecture estim\u00e9e\" \/>\n\t<meta name=\"twitter:data1\" content=\"1 minute\" \/>\n<script type=\"application\/ld+json\" class=\"yoast-schema-graph\">{\"@context\":\"https:\\\/\\\/schema.org\",\"@graph\":[{\"@type\":\"WebPage\",\"@id\":\"https:\\\/\\\/arklam.com\\\/fr\\\/copyright\\\/\",\"url\":\"https:\\\/\\\/arklam.com\\\/fr\\\/copyright\\\/\",\"name\":\"Copyright - Arklam\",\"isPartOf\":{\"@id\":\"https:\\\/\\\/arklam.com\\\/fr\\\/#website\"},\"datePublished\":\"2021-06-29T10:59:18+00:00\",\"dateModified\":\"2022-06-03T09:37:17+00:00\",\"breadcrumb\":{\"@id\":\"https:\\\/\\\/arklam.com\\\/fr\\\/copyright\\\/#breadcrumb\"},\"inLanguage\":\"fr-FR\",\"potentialAction\":[{\"@type\":\"ReadAction\",\"target\":[\"https:\\\/\\\/arklam.com\\\/fr\\\/copyright\\\/\"]}]},{\"@type\":\"BreadcrumbList\",\"@id\":\"https:\\\/\\\/arklam.com\\\/fr\\\/copyright\\\/#breadcrumb\",\"itemListElement\":[{\"@type\":\"ListItem\",\"position\":1,\"name\":\"Portada\",\"item\":\"https:\\\/\\\/arklam.com\\\/fr\\\/\"},{\"@type\":\"ListItem\",\"position\":2,\"name\":\"Copyright\"}]},{\"@type\":\"WebSite\",\"@id\":\"https:\\\/\\\/arklam.com\\\/fr\\\/#website\",\"url\":\"https:\\\/\\\/arklam.com\\\/fr\\\/\",\"name\":\"Arklam\",\"description\":\"\",\"potentialAction\":[{\"@type\":\"SearchAction\",\"target\":{\"@type\":\"EntryPoint\",\"urlTemplate\":\"https:\\\/\\\/arklam.com\\\/fr\\\/?s={search_term_string}\"},\"query-input\":{\"@type\":\"PropertyValueSpecification\",\"valueRequired\":true,\"valueName\":\"search_term_string\"}}],\"inLanguage\":\"fr-FR\"}]}<\/script>\n<!-- \/ Yoast SEO plugin. -->","yoast_head_json":{"title":"Copyright - Arklam","robots":{"index":"index","follow":"follow","max-snippet":"max-snippet:-1","max-image-preview":"max-image-preview:large","max-video-preview":"max-video-preview:-1"},"canonical":"https:\/\/arklam.com\/fr\/copyright\/","og_locale":"fr_FR","og_type":"article","og_title":"Copyright - Arklam","og_description":"COPYRIGHT Arklam est une marque d\u00e9pos\u00e9e de Saniceramic Group. Conform\u00e9ment \u00e0 la l\u00e9gislation en vigueur, la reproduction totale ou partielle de cette publication par quelque moyen ou proc\u00e9d\u00e9 que ce soit, le traitement informatique ou toute forme de transfert de celle-ci sans l\u2019autorisation \u00e9crite pr\u00e9alable des titulaires des droits d\u2019auteur est interdite. Toutes les images [&hellip;]","og_url":"https:\/\/arklam.com\/fr\/copyright\/","og_site_name":"Arklam","article_modified_time":"2022-06-03T09:37:17+00:00","twitter_card":"summary_large_image","twitter_misc":{"Dur\u00e9e de lecture estim\u00e9e":"1 minute"},"schema":{"@context":"https:\/\/schema.org","@graph":[{"@type":"WebPage","@id":"https:\/\/arklam.com\/fr\/copyright\/","url":"https:\/\/arklam.com\/fr\/copyright\/","name":"Copyright - Arklam","isPartOf":{"@id":"https:\/\/arklam.com\/fr\/#website"},"datePublished":"2021-06-29T10:59:18+00:00","dateModified":"2022-06-03T09:37:17+00:00","breadcrumb":{"@id":"https:\/\/arklam.com\/fr\/copyright\/#breadcrumb"},"inLanguage":"fr-FR","potentialAction":[{"@type":"ReadAction","target":["https:\/\/arklam.com\/fr\/copyright\/"]}]},{"@type":"BreadcrumbList","@id":"https:\/\/arklam.com\/fr\/copyright\/#breadcrumb","itemListElement":[{"@type":"ListItem","position":1,"name":"Portada","item":"https:\/\/arklam.com\/fr\/"},{"@type":"ListItem","position":2,"name":"Copyright"}]},{"@type":"WebSite","@id":"https:\/\/arklam.com\/fr\/#website","url":"https:\/\/arklam.com\/fr\/","name":"Arklam","description":"","potentialAction":[{"@type":"SearchAction","target":{"@type":"EntryPoint","urlTemplate":"https:\/\/arklam.com\/fr\/?s={search_term_string}"},"query-input":{"@type":"PropertyValueSpecification","valueRequired":true,"valueName":"search_term_string"}}],"inLanguage":"fr-FR"}]}},"_links":{"self":[{"href":"https:\/\/arklam.com\/fr\/wp-json\/wp\/v2\/pages\/5187","targetHints":{"allow":["GET"]}}],"collection":[{"href":"https:\/\/arklam.com\/fr\/wp-json\/wp\/v2\/pages"}],"about":[{"href":"https:\/\/arklam.com\/fr\/wp-json\/wp\/v2\/types\/page"}],"author":[{"embeddable":true,"href":"https:\/\/arklam.com\/fr\/wp-json\/wp\/v2\/users\/1"}],"replies":[{"embeddable":true,"href":"https:\/\/arklam.com\/fr\/wp-json\/wp\/v2\/comments?post=5187"}],"version-history":[{"count":2,"href":"https:\/\/arklam.com\/fr\/wp-json\/wp\/v2\/pages\/5187\/revisions"}],"predecessor-version":[{"id":6010,"href":"https:\/\/arklam.com\/fr\/wp-json\/wp\/v2\/pages\/5187\/revisions\/6010"}],"wp:attachment":[{"href":"https:\/\/arklam.com\/fr\/wp-json\/wp\/v2\/media?parent=5187"}],"curies":[{"name":"wp","href":"https:\/\/api.w.org\/{rel}","templated":true}]}}