{"id":13557,"date":"2025-07-14T13:06:55","date_gmt":"2025-07-14T12:06:55","guid":{"rendered":"https:\/\/arklam.com\/nota-prawna\/"},"modified":"2025-07-14T13:07:01","modified_gmt":"2025-07-14T12:07:01","slug":"nota-prawna","status":"publish","type":"page","link":"https:\/\/arklam.com\/pl\/nota-prawna\/","title":{"rendered":"Nota prawna"},"content":{"rendered":"\n<p><strong>DANE IDENTYFIKACYJNE (ustawa 34\/2002 z dnia 11 lipca o us\u0142ugach spo\u0142ecze\u0144stwa informacyjnego<\/strong><strong>i handlu elektronicznym)<\/strong><\/p>\n\n<ul class=\"wp-block-list\">\n<li>To\u017csamo\u015b\u0107 podmiotu odpowiedzialnego. SANICERAMIC IMPORT AND EXPORT, S.L. (B96152004)<\/li>\n\n\n\n<li>Adres fizyczny. CRTA. ALCORA KM 7,5 &#8211; 12130 SANT JOAN DE MOR\u00d3 (CASTELL\u00d3N)<\/li>\n\n\n\n<li>E-mail. arklam@arklam.es<\/li>\n\n\n\n<li>Telefon. (0034)964626309<\/li>\n\n\n\n<li>Wpis do rejestru handlowego w Walencji. Tom 4439, Ksi\u0119ga 1751, sekcja og\u00f3lna Karta 67 &#8211; Strona nr V-24609, Wpis 1. &#8211; NIP B96152004<\/li>\n<\/ul>\n\n<p><strong>KORZYSTANIE Z WITRYNY INTERNETOWEJ<\/strong><\/p>\n\n<p>SP\u00d3\u0141KA zapewnia dost\u0119p do wielu informacji i us\u0142ug nale\u017c\u0105cych do SP\u00d3\u0141KI, kt\u00f3ra przyjmuje odpowiedzialno\u015b\u0107 za korzystanie z witryny internetowej. Zakres tej odpowiedzialno\u015bci rozci\u0105ga si\u0119 na rejestry, kt\u00f3re mog\u0105 by\u0107 niezb\u0119dne do uzyskania dost\u0119pu do niekt\u00f3rych us\u0142ug lub tre\u015bci. U\u017cytkownik b\u0119dzie odpowiedzialny za podanie prawdziwych i zgodnych z prawem informacji w rzeczonych rejestrach. U\u017cytkownik zobowi\u0105zuje si\u0119 do w\u0142a\u015bciwego korzystania z tre\u015bci i us\u0142ug oferowanych przez SP\u00d3\u0141K\u0118 za po\u015brednictwem jej witryny internetowej. SP\u00d3\u0141KA zastrzega sobie prawo do usuni\u0119cia wszystkich komentarzy i wypowiedzi, kt\u00f3re naruszaj\u0105 poszanowanie godno\u015bci osoby, kt\u00f3re maj\u0105 charakter dyskryminuj\u0105cy, ksenofobiczny, rasistowski, pornograficzny, kt\u00f3re zagra\u017caj\u0105 m\u0142odzie\u017cy lub dzieciom, porz\u0105dkowi lub bezpiecze\u0144stwu publicznemu lub kt\u00f3re w jej opinii nie nadaj\u0105 si\u0119 do publikacji, gdy\u017c nie s\u0105 zwi\u0105zane z zamierzonym celem. W ka\u017cdym przypadku FIRMA, jako administrator swojej witryny internetowej, podejmie odpowiednie czynno\u015bci z nale\u017cyt\u0105 staranno\u015bci\u0105, gdy tylko dowie si\u0119 o dzia\u0142aniach pope\u0142nionych wbrew niniejszym Warunkom u\u017cytkowania lub Polityce prywatno\u015bci.<\/p>\n\n<p><strong>POLITYKA DOTYCZ\u0104CA \u0141\u0104CZY<\/strong><\/p>\n\n<p>Powi\u0105zane strony internetowe nie znajduj\u0105 si\u0119 pod kontrol\u0105 SP\u00d3\u0141KI i SP\u00d3\u0141KA nie ponosi odpowiedzialno\u015bci za tre\u015b\u0107 jakiejkolwiek powi\u0105zanej strony internetowej lub jakiegokolwiek \u0142\u0105cza zawartego w obr\u0119bie powi\u0105zanej strony internetowej, ani za jakiekolwiek zmiany lub aktualizacje takich stron internetowych. SP\u00d3\u0141KA udost\u0119pnia te \u0142\u0105cza tylko dla wygody u\u017cytkownika, a zamieszczenie jakiegokolwiek \u0142\u0105cza nie oznacza udzielenia przez SP\u00d3\u0141K\u0118 wsparcia dla danej strony internetowej.<\/p>\n\n<p><strong>PRAWA W\u0141ASNO\u015aCI INTELEKTUALNEJ<\/strong><\/p>\n\n<p>SP\u00d3\u0141KA, osobi\u015bcie lub jako cesjonariusz, jest w\u0142a\u015bcicielem wszystkich praw w\u0142asno\u015bci intelektualnej i przemys\u0142owej nale\u017c\u0105cej do niej witryny internetowej, a tak\u017ce zawartych w niej element\u00f3w (w tym mi\u0119dzy innymi obraz\u00f3w, d\u017awi\u0119ku, audio, wideo, oprogramowania lub tekst\u00f3w; znak\u00f3w towarowych lub logo, kombinacji kolor\u00f3w, struktury i projektu, wyboru u\u017cytych materia\u0142\u00f3w, program\u00f3w komputerowych niezb\u0119dnych do jej funkcjonowania, dost\u0119pu do niej oraz jej u\u017cytkowania itp.). Wszelkie prawa zastrze\u017cone. Na mocy przepis\u00f3w art. 8 i 32.1, akapit drugi, hiszpa\u0144skiego Kr\u00f3lewskiego Dekretu Ustawodawczego 1\/1996, z dnia 12 kwietnia, zatwierdzaj\u0105cego zmieniony tekst ustawy o w\u0142asno\u015bci intelektualnej, reguluj\u0105cego, wyja\u015bniaj\u0105cego i harmonizuj\u0105cego obowi\u0105zuj\u0105ce przepisy prawne w tym zakresie, czynno\u015bci z zakresu powielania, dystrybucji i komunikacji publicznej, w tym udost\u0119pniania ca\u0142o\u015bci lub cz\u0119\u015bci zawarto\u015bci niniejszej witryny internetowej, w celach komercyjnych, na jakimkolwiek no\u015bniku i za pomoc\u0105 jakichkolwiek \u015brodk\u00f3w technicznych, s\u0105 wyra\u017anie zabronione bez zgody SP\u00d3\u0141KI. U\u017cytkownik zobowi\u0105zuje si\u0119 do poszanowania praw w\u0142asno\u015bci intelektualnej i przemys\u0142owej nale\u017c\u0105cych do ich w\u0142a\u015bciciela.<\/p>\n\n<p>Wszystkie tre\u015bci opublikowane na stronie internetowej, a w szczeg\u00f3lno\u015bci projekty, teksty, obrazy, filmy, grafiki, logo, ikony, przyciski, a tak\u017ce nazwy handlowe, marki lub rysunki oraz wszelkie inne znaki nadaj\u0105ce si\u0119 do u\u017cytku przemys\u0142owego i handlowego, podlegaj\u0105 prawom w\u0142asno\u015bci intelektualnej i przemys\u0142owej SP\u00d3\u0141KI. W \u017cadnym wypadku nie nale\u017cy rozumie\u0107, \u017ce udzielono jakiejkolwiek licencji lub dokonano zrzeczenia si\u0119, przeniesienia, ca\u0142kowitego lub cz\u0119\u015bciowego przeniesienia wspomnianych praw, ani te\u017c nie przyznano \u017cadnego prawa lub ekspektatywy prawa, w szczeg\u00f3lno\u015bci do zmiany, eksploatacji, powielania, dystrybucji lub publicznego komunikowania wspomnianych tre\u015bci bez uprzedniej wyra\u017anej zgody SP\u00d3\u0141KI.<\/p>\n\n<p><strong>OGRANICZENIE ODPOWIEDZIALNO\u015aCI<\/strong><\/p>\n\n<p>SP\u00d3\u0141KA ponosi odpowiedzialno\u015b\u0107 za wszelkie szkody, kt\u00f3re u\u017cytkownik mo\u017ce ponie\u015b\u0107 w wyniku korzystania ze strony internetowej, gdy takie szkody s\u0105 bezpo\u015brednio zwi\u0105zane z niew\u0142a\u015bciwym dzia\u0142aniem tego podmiotu po udowodnieniu, \u017ce nie zastosowa\u0142 si\u0119 do ustanowionych wymog\u00f3w prawnych i regulacyjnych. Obowi\u0105zkiem u\u017cytkownika jest podj\u0119cie wszelkich odpowiednich \u015brodk\u00f3w technicznych w celu sprawowania rozs\u0105dnej kontroli nad ryzykiem zwi\u0105zanym z otwartym przegl\u0105daniem Internetu oraz unikni\u0119cia uszkodzenia sprz\u0119tu, utraty danych i kradzie\u017cy poufnych informacji. SP\u00d3\u0141KA nie ponosi odpowiedzialno\u015bci za jakiekolwiek szkody, kt\u00f3re mog\u0105 wynikn\u0105\u0107 z zak\u0142\u00f3ce\u0144, pomini\u0119\u0107, przerw, wirus\u00f3w komputerowych, awarii i\/lub roz\u0142\u0105cze\u0144 w funkcjonowaniu tej strony internetowej lub w aparaturze komputerowej i sprz\u0119cie u\u017cytkownik\u00f3w. Mowa tu o szkodach spowodowanych przyczynami niezale\u017cnymi od SP\u00d3\u0141KI, kt\u00f3re uniemo\u017cliwiaj\u0105 lub op\u00f3\u017aniaj\u0105 \u015bwiadczenie us\u0142ug lub przegl\u0105danie strony internetowej, b\u0105d\u017a op\u00f3\u017anienia lub blokady w u\u017cytkowaniu spowodowane wadami dzia\u0142ania lub przeci\u0105\u017ceniem Internetu lub innych system\u00f3w, tudzie\u017c niemo\u017cno\u015bci\u0105 \u015bwiadczenia us\u0142ugi lub umo\u017cliwienia dost\u0119pu z przyczyn niezale\u017cnych od SP\u00d3\u0141KI z powodu dzia\u0142a\u0144 u\u017cytkownika, os\u00f3b trzecich lub si\u0142y wy\u017cszej. SP\u00d3\u0141KA nie bierze na siebie odpowiedzialno\u015bci, je\u015bli nie ma faktycznej wiedzy co do faktu, i\u017c dzia\u0142alno\u015b\u0107 lub informacje, do kt\u00f3rych odnosi si\u0119 lub kt\u00f3re poleca za po\u015brednictwem swoich link\u00f3w, s\u0105 nielegalne lub \u017ce szkodz\u0105 w\u0142asno\u015bci lub prawom osoby trzeciej podlegaj\u0105cej odszkodowaniu, a je\u015bli posiada tak\u0105 wiedz\u0119, dzia\u0142a z nale\u017cyt\u0105 staranno\u015bci\u0105, aby usun\u0105\u0107 b\u0105d\u017a wy\u0142\u0105czy\u0107 link lub usun\u0105\u0107 odpowiednie informacje.<\/p>\n\n<p><strong>BEZPIECZE\u0143STWO WITRYNY INTERNETOWEJ<\/strong><\/p>\n\n<p>Witryna wykorzystuje techniki bezpiecze\u0144stwa informacji powszechnie akceptowane w bran\u017cy, takie jak m.in. zapory ogniowe, procedury kontroli dost\u0119pu, bezpieczna komunikacja lub mechanizmy kryptograficzne,  a wszystko to w celu zapobiegania i ograniczania incydent\u00f3w zwi\u0105zanych z bezpiecze\u0144stwem danych (poufno\u015b\u0107, integralno\u015b\u0107 i dost\u0119pno\u015b\u0107). Aby osi\u0105gn\u0105\u0107 te cele, u\u017cytkownik akceptuje, aby dostawca uzyskiwa\u0142 dane w celu odpowiedniego uwierzytelnienia kontroli dost\u0119pu i \u015bwiadczenia us\u0142ug, kt\u00f3re musz\u0105 zosta\u0107 dokonane, aby m\u00f3c korzysta\u0107 ze strony internetowej.<\/p>\n\n<p>Bezpiecze\u0144stwo online jest r\u00f3wnie\u017c ustalane za pomoc\u0105 parametr\u00f3w konfiguracyjnych poszczeg\u00f3lnych przegl\u0105darek internetowych, dlatego zdecydowanie zaleca si\u0119 zapoznanie si\u0119 z ich tre\u015bci\u0105.<\/p>\n\n<p><strong>JURYSDYKCJA I PRAWO W\u0141A\u015aCIWE<\/strong><\/p>\n\n<p>Prawem w\u0142a\u015bciwym dla niniejszych warunk\u00f3w jest prawo hiszpa\u0144skie. W przypadku wszelkich spor\u00f3w, kt\u00f3re mog\u0105 powsta\u0107 w zwi\u0105zku z niniejszymi warunkami, strony &#8211; zrzekaj\u0105c si\u0119 w\u0142asnej jurysdykcji &#8211; wyra\u017anie poddaj\u0105 si\u0119 orzecznictwu s\u0105d\u00f3w i trybuna\u0142\u00f3w z siedzib\u0105 pod adresem wskazanym w DANYCH IDENTYFIKACYJNYCH.<\/p>\n\n<p><strong>ZMIANA WARUNK\u00d3W U\u017bYTKOWANIA<\/strong><\/p>\n\n<p>Od czasu do czasu niniejsze Warunki u\u017cytkowania mog\u0105 by\u0107 modyfikowane w celu odzwierciedlenia zmian w obowi\u0105zuj\u0105cych przepisach prawa, aktualizacji naszych procedur gromadzenia i wykorzystywania informacji, pojawienia si\u0119 nowych us\u0142ug lub wykluczenia innych. Zmiany te wejd\u0105 w \u017cycie z chwil\u0105 ich opublikowania w Witrynie, dlatego wa\u017cne jest, by u\u017cytkownik regularnie przegl\u0105da\u0142 niniejsze Warunki korzystania, aby by\u0107 na bie\u017c\u0105co z wszelkimi wprowadzanymi zmianami.<\/p>\n","protected":false},"excerpt":{"rendered":"<p>DANE IDENTYFIKACYJNE (ustawa 34\/2002 z dnia 11 lipca o us\u0142ugach spo\u0142ecze\u0144stwa informacyjnegoi handlu elektronicznym) KORZYSTANIE Z WITRYNY INTERNETOWEJ SP\u00d3\u0141KA zapewnia dost\u0119p do wielu informacji i us\u0142ug nale\u017c\u0105cych do SP\u00d3\u0141KI, kt\u00f3ra przyjmuje odpowiedzialno\u015b\u0107 za korzystanie z witryny internetowej. Zakres tej odpowiedzialno\u015bci rozci\u0105ga si\u0119 na rejestry, kt\u00f3re mog\u0105 by\u0107 niezb\u0119dne do uzyskania dost\u0119pu do niekt\u00f3rych us\u0142ug lub [&hellip;]<\/p>\n","protected":false},"author":1,"featured_media":0,"parent":0,"menu_order":0,"comment_status":"closed","ping_status":"closed","template":"legal.php","meta":{"_acf_changed":false,"inline_featured_image":false,"footnotes":""},"class_list":["post-13557","page","type-page","status-publish","hentry"],"acf":[],"yoast_head":"<!-- This site is optimized with the Yoast SEO plugin v27.5 - https:\/\/yoast.com\/product\/yoast-seo-wordpress\/ -->\n<title>Nota prawna - Arklam<\/title>\n<meta name=\"robots\" content=\"index, follow, max-snippet:-1, max-image-preview:large, max-video-preview:-1\" \/>\n<link rel=\"canonical\" href=\"https:\/\/arklam.com\/pl\/nota-prawna\/\" \/>\n<meta property=\"og:locale\" content=\"pl_PL\" \/>\n<meta property=\"og:type\" content=\"article\" \/>\n<meta property=\"og:title\" content=\"Nota prawna - Arklam\" \/>\n<meta property=\"og:description\" content=\"DANE IDENTYFIKACYJNE (ustawa 34\/2002 z dnia 11 lipca o us\u0142ugach spo\u0142ecze\u0144stwa informacyjnegoi handlu elektronicznym) KORZYSTANIE Z WITRYNY INTERNETOWEJ SP\u00d3\u0141KA zapewnia dost\u0119p do wielu informacji i us\u0142ug nale\u017c\u0105cych do SP\u00d3\u0141KI, kt\u00f3ra przyjmuje odpowiedzialno\u015b\u0107 za korzystanie z witryny internetowej. Zakres tej odpowiedzialno\u015bci rozci\u0105ga si\u0119 na rejestry, kt\u00f3re mog\u0105 by\u0107 niezb\u0119dne do uzyskania dost\u0119pu do niekt\u00f3rych us\u0142ug lub [&hellip;]\" \/>\n<meta property=\"og:url\" content=\"https:\/\/arklam.com\/pl\/nota-prawna\/\" \/>\n<meta property=\"og:site_name\" content=\"Arklam\" \/>\n<meta property=\"article:modified_time\" content=\"2025-07-14T12:07:01+00:00\" \/>\n<meta name=\"twitter:card\" content=\"summary_large_image\" \/>\n<meta name=\"twitter:label1\" content=\"Szacowany czas czytania\" \/>\n\t<meta name=\"twitter:data1\" content=\"6 minut\" \/>\n<script type=\"application\/ld+json\" class=\"yoast-schema-graph\">{\"@context\":\"https:\\\/\\\/schema.org\",\"@graph\":[{\"@type\":\"WebPage\",\"@id\":\"https:\\\/\\\/arklam.com\\\/pl\\\/nota-prawna\\\/\",\"url\":\"https:\\\/\\\/arklam.com\\\/pl\\\/nota-prawna\\\/\",\"name\":\"Nota prawna - Arklam\",\"isPartOf\":{\"@id\":\"https:\\\/\\\/arklam.com\\\/pl\\\/#website\"},\"datePublished\":\"2025-07-14T12:06:55+00:00\",\"dateModified\":\"2025-07-14T12:07:01+00:00\",\"breadcrumb\":{\"@id\":\"https:\\\/\\\/arklam.com\\\/pl\\\/nota-prawna\\\/#breadcrumb\"},\"inLanguage\":\"pl-PL\",\"potentialAction\":[{\"@type\":\"ReadAction\",\"target\":[\"https:\\\/\\\/arklam.com\\\/pl\\\/nota-prawna\\\/\"]}]},{\"@type\":\"BreadcrumbList\",\"@id\":\"https:\\\/\\\/arklam.com\\\/pl\\\/nota-prawna\\\/#breadcrumb\",\"itemListElement\":[{\"@type\":\"ListItem\",\"position\":1,\"name\":\"Portada\",\"item\":\"https:\\\/\\\/arklam.com\\\/pl\\\/\"},{\"@type\":\"ListItem\",\"position\":2,\"name\":\"Nota prawna\"}]},{\"@type\":\"WebSite\",\"@id\":\"https:\\\/\\\/arklam.com\\\/pl\\\/#website\",\"url\":\"https:\\\/\\\/arklam.com\\\/pl\\\/\",\"name\":\"Arklam\",\"description\":\"\",\"potentialAction\":[{\"@type\":\"SearchAction\",\"target\":{\"@type\":\"EntryPoint\",\"urlTemplate\":\"https:\\\/\\\/arklam.com\\\/pl\\\/?s={search_term_string}\"},\"query-input\":{\"@type\":\"PropertyValueSpecification\",\"valueRequired\":true,\"valueName\":\"search_term_string\"}}],\"inLanguage\":\"pl-PL\"}]}<\/script>\n<!-- \/ Yoast SEO plugin. -->","yoast_head_json":{"title":"Nota prawna - Arklam","robots":{"index":"index","follow":"follow","max-snippet":"max-snippet:-1","max-image-preview":"max-image-preview:large","max-video-preview":"max-video-preview:-1"},"canonical":"https:\/\/arklam.com\/pl\/nota-prawna\/","og_locale":"pl_PL","og_type":"article","og_title":"Nota prawna - Arklam","og_description":"DANE IDENTYFIKACYJNE (ustawa 34\/2002 z dnia 11 lipca o us\u0142ugach spo\u0142ecze\u0144stwa informacyjnegoi handlu elektronicznym) KORZYSTANIE Z WITRYNY INTERNETOWEJ SP\u00d3\u0141KA zapewnia dost\u0119p do wielu informacji i us\u0142ug nale\u017c\u0105cych do SP\u00d3\u0141KI, kt\u00f3ra przyjmuje odpowiedzialno\u015b\u0107 za korzystanie z witryny internetowej. Zakres tej odpowiedzialno\u015bci rozci\u0105ga si\u0119 na rejestry, kt\u00f3re mog\u0105 by\u0107 niezb\u0119dne do uzyskania dost\u0119pu do niekt\u00f3rych us\u0142ug lub [&hellip;]","og_url":"https:\/\/arklam.com\/pl\/nota-prawna\/","og_site_name":"Arklam","article_modified_time":"2025-07-14T12:07:01+00:00","twitter_card":"summary_large_image","twitter_misc":{"Szacowany czas czytania":"6 minut"},"schema":{"@context":"https:\/\/schema.org","@graph":[{"@type":"WebPage","@id":"https:\/\/arklam.com\/pl\/nota-prawna\/","url":"https:\/\/arklam.com\/pl\/nota-prawna\/","name":"Nota prawna - Arklam","isPartOf":{"@id":"https:\/\/arklam.com\/pl\/#website"},"datePublished":"2025-07-14T12:06:55+00:00","dateModified":"2025-07-14T12:07:01+00:00","breadcrumb":{"@id":"https:\/\/arklam.com\/pl\/nota-prawna\/#breadcrumb"},"inLanguage":"pl-PL","potentialAction":[{"@type":"ReadAction","target":["https:\/\/arklam.com\/pl\/nota-prawna\/"]}]},{"@type":"BreadcrumbList","@id":"https:\/\/arklam.com\/pl\/nota-prawna\/#breadcrumb","itemListElement":[{"@type":"ListItem","position":1,"name":"Portada","item":"https:\/\/arklam.com\/pl\/"},{"@type":"ListItem","position":2,"name":"Nota prawna"}]},{"@type":"WebSite","@id":"https:\/\/arklam.com\/pl\/#website","url":"https:\/\/arklam.com\/pl\/","name":"Arklam","description":"","potentialAction":[{"@type":"SearchAction","target":{"@type":"EntryPoint","urlTemplate":"https:\/\/arklam.com\/pl\/?s={search_term_string}"},"query-input":{"@type":"PropertyValueSpecification","valueRequired":true,"valueName":"search_term_string"}}],"inLanguage":"pl-PL"}]}},"_links":{"self":[{"href":"https:\/\/arklam.com\/pl\/wp-json\/wp\/v2\/pages\/13557","targetHints":{"allow":["GET"]}}],"collection":[{"href":"https:\/\/arklam.com\/pl\/wp-json\/wp\/v2\/pages"}],"about":[{"href":"https:\/\/arklam.com\/pl\/wp-json\/wp\/v2\/types\/page"}],"author":[{"embeddable":true,"href":"https:\/\/arklam.com\/pl\/wp-json\/wp\/v2\/users\/1"}],"replies":[{"embeddable":true,"href":"https:\/\/arklam.com\/pl\/wp-json\/wp\/v2\/comments?post=13557"}],"version-history":[{"count":1,"href":"https:\/\/arklam.com\/pl\/wp-json\/wp\/v2\/pages\/13557\/revisions"}],"predecessor-version":[{"id":13558,"href":"https:\/\/arklam.com\/pl\/wp-json\/wp\/v2\/pages\/13557\/revisions\/13558"}],"wp:attachment":[{"href":"https:\/\/arklam.com\/pl\/wp-json\/wp\/v2\/media?parent=13557"}],"curies":[{"name":"wp","href":"https:\/\/api.w.org\/{rel}","templated":true}]}}