{"id":13559,"date":"2025-07-14T13:06:55","date_gmt":"2025-07-14T12:06:55","guid":{"rendered":"https:\/\/arklam.com\/prawa-autorskie\/"},"modified":"2025-07-14T13:07:01","modified_gmt":"2025-07-14T12:07:01","slug":"prawa-autorskie","status":"publish","type":"page","link":"https:\/\/arklam.com\/pl\/prawa-autorskie\/","title":{"rendered":"Prawa autorskie"},"content":{"rendered":"\n<h2 class=\"wp-block-heading\">PRAWA AUTORSKIE<\/h2>\n\n<p><br\/>Arklam jest zastrze\u017conym znakiem towarowym nale\u017c\u0105cym do Saniceramic Group.<\/p>\n\n<p>Ca\u0142kowite lub cz\u0119\u015bciowe powielanie niniejszej publikacji za pomoc\u0105 jakichkolwiek \u015brodk\u00f3w lub proces\u00f3w, przetwarzania komputerowego lub jakiejkolwiek formy przekazywania niniejszej publikacji bez uprzedniej pisemnej zgody w\u0142a\u015bcicieli praw autorskich, jest zabronione zgodnie z obowi\u0105zuj\u0105cymi przepisami.<\/p>\n\n<p>Wszystkie obrazy i tre\u015bci zawarte na tej stronie s\u0105 w\u0142asno\u015bci\u0105 Saniceramic Group.<\/p>\n\n<p>Saniceramic Group zastrzega sobie wszelkie prawa, a w szczeg\u00f3lno\u015bci prawa do powielania, rozpowszechniania, publicznego udost\u0119pniania i przekszta\u0142cania, nawet cz\u0119\u015bciowego, tych\u017ce tre\u015bci.<\/p>\n\n<p>\u00a9 2022 Saniceramic Group. Wszelkie prawa zastrze\u017cone.<\/p>\n","protected":false},"excerpt":{"rendered":"<p>PRAWA AUTORSKIE Arklam jest zastrze\u017conym znakiem towarowym nale\u017c\u0105cym do Saniceramic Group. Ca\u0142kowite lub cz\u0119\u015bciowe powielanie niniejszej publikacji za pomoc\u0105 jakichkolwiek \u015brodk\u00f3w lub proces\u00f3w, przetwarzania komputerowego lub jakiejkolwiek formy przekazywania niniejszej publikacji bez uprzedniej pisemnej zgody w\u0142a\u015bcicieli praw autorskich, jest zabronione zgodnie z obowi\u0105zuj\u0105cymi przepisami. Wszystkie obrazy i tre\u015bci zawarte na tej stronie s\u0105 w\u0142asno\u015bci\u0105 Saniceramic [&hellip;]<\/p>\n","protected":false},"author":1,"featured_media":0,"parent":0,"menu_order":0,"comment_status":"closed","ping_status":"closed","template":"legal.php","meta":{"_acf_changed":false,"inline_featured_image":false,"footnotes":""},"class_list":["post-13559","page","type-page","status-publish","hentry"],"acf":[],"yoast_head":"<!-- This site is optimized with the Yoast SEO plugin v27.4 - https:\/\/yoast.com\/product\/yoast-seo-wordpress\/ -->\n<title>Prawa autorskie - Arklam<\/title>\n<meta name=\"robots\" content=\"index, follow, max-snippet:-1, max-image-preview:large, max-video-preview:-1\" \/>\n<link rel=\"canonical\" href=\"https:\/\/arklam.com\/pl\/prawa-autorskie\/\" \/>\n<meta property=\"og:locale\" content=\"pl_PL\" \/>\n<meta property=\"og:type\" content=\"article\" \/>\n<meta property=\"og:title\" content=\"Prawa autorskie - Arklam\" \/>\n<meta property=\"og:description\" content=\"PRAWA AUTORSKIE Arklam jest zastrze\u017conym znakiem towarowym nale\u017c\u0105cym do Saniceramic Group. Ca\u0142kowite lub cz\u0119\u015bciowe powielanie niniejszej publikacji za pomoc\u0105 jakichkolwiek \u015brodk\u00f3w lub proces\u00f3w, przetwarzania komputerowego lub jakiejkolwiek formy przekazywania niniejszej publikacji bez uprzedniej pisemnej zgody w\u0142a\u015bcicieli praw autorskich, jest zabronione zgodnie z obowi\u0105zuj\u0105cymi przepisami. Wszystkie obrazy i tre\u015bci zawarte na tej stronie s\u0105 w\u0142asno\u015bci\u0105 Saniceramic [&hellip;]\" \/>\n<meta property=\"og:url\" content=\"https:\/\/arklam.com\/pl\/prawa-autorskie\/\" \/>\n<meta property=\"og:site_name\" content=\"Arklam\" \/>\n<meta property=\"article:modified_time\" content=\"2025-07-14T12:07:01+00:00\" \/>\n<meta name=\"twitter:card\" content=\"summary_large_image\" \/>\n<meta name=\"twitter:label1\" content=\"Szacowany czas czytania\" \/>\n\t<meta name=\"twitter:data1\" content=\"1 minuta\" \/>\n<script type=\"application\/ld+json\" class=\"yoast-schema-graph\">{\"@context\":\"https:\\\/\\\/schema.org\",\"@graph\":[{\"@type\":\"WebPage\",\"@id\":\"https:\\\/\\\/arklam.com\\\/pl\\\/prawa-autorskie\\\/\",\"url\":\"https:\\\/\\\/arklam.com\\\/pl\\\/prawa-autorskie\\\/\",\"name\":\"Prawa autorskie - Arklam\",\"isPartOf\":{\"@id\":\"https:\\\/\\\/arklam.com\\\/pl\\\/#website\"},\"datePublished\":\"2025-07-14T12:06:55+00:00\",\"dateModified\":\"2025-07-14T12:07:01+00:00\",\"breadcrumb\":{\"@id\":\"https:\\\/\\\/arklam.com\\\/pl\\\/prawa-autorskie\\\/#breadcrumb\"},\"inLanguage\":\"pl-PL\",\"potentialAction\":[{\"@type\":\"ReadAction\",\"target\":[\"https:\\\/\\\/arklam.com\\\/pl\\\/prawa-autorskie\\\/\"]}]},{\"@type\":\"BreadcrumbList\",\"@id\":\"https:\\\/\\\/arklam.com\\\/pl\\\/prawa-autorskie\\\/#breadcrumb\",\"itemListElement\":[{\"@type\":\"ListItem\",\"position\":1,\"name\":\"Portada\",\"item\":\"https:\\\/\\\/arklam.com\\\/pl\\\/\"},{\"@type\":\"ListItem\",\"position\":2,\"name\":\"Prawa autorskie\"}]},{\"@type\":\"WebSite\",\"@id\":\"https:\\\/\\\/arklam.com\\\/pl\\\/#website\",\"url\":\"https:\\\/\\\/arklam.com\\\/pl\\\/\",\"name\":\"Arklam\",\"description\":\"\",\"potentialAction\":[{\"@type\":\"SearchAction\",\"target\":{\"@type\":\"EntryPoint\",\"urlTemplate\":\"https:\\\/\\\/arklam.com\\\/pl\\\/?s={search_term_string}\"},\"query-input\":{\"@type\":\"PropertyValueSpecification\",\"valueRequired\":true,\"valueName\":\"search_term_string\"}}],\"inLanguage\":\"pl-PL\"}]}<\/script>\n<!-- \/ Yoast SEO plugin. -->","yoast_head_json":{"title":"Prawa autorskie - Arklam","robots":{"index":"index","follow":"follow","max-snippet":"max-snippet:-1","max-image-preview":"max-image-preview:large","max-video-preview":"max-video-preview:-1"},"canonical":"https:\/\/arklam.com\/pl\/prawa-autorskie\/","og_locale":"pl_PL","og_type":"article","og_title":"Prawa autorskie - Arklam","og_description":"PRAWA AUTORSKIE Arklam jest zastrze\u017conym znakiem towarowym nale\u017c\u0105cym do Saniceramic Group. Ca\u0142kowite lub cz\u0119\u015bciowe powielanie niniejszej publikacji za pomoc\u0105 jakichkolwiek \u015brodk\u00f3w lub proces\u00f3w, przetwarzania komputerowego lub jakiejkolwiek formy przekazywania niniejszej publikacji bez uprzedniej pisemnej zgody w\u0142a\u015bcicieli praw autorskich, jest zabronione zgodnie z obowi\u0105zuj\u0105cymi przepisami. Wszystkie obrazy i tre\u015bci zawarte na tej stronie s\u0105 w\u0142asno\u015bci\u0105 Saniceramic [&hellip;]","og_url":"https:\/\/arklam.com\/pl\/prawa-autorskie\/","og_site_name":"Arklam","article_modified_time":"2025-07-14T12:07:01+00:00","twitter_card":"summary_large_image","twitter_misc":{"Szacowany czas czytania":"1 minuta"},"schema":{"@context":"https:\/\/schema.org","@graph":[{"@type":"WebPage","@id":"https:\/\/arklam.com\/pl\/prawa-autorskie\/","url":"https:\/\/arklam.com\/pl\/prawa-autorskie\/","name":"Prawa autorskie - Arklam","isPartOf":{"@id":"https:\/\/arklam.com\/pl\/#website"},"datePublished":"2025-07-14T12:06:55+00:00","dateModified":"2025-07-14T12:07:01+00:00","breadcrumb":{"@id":"https:\/\/arklam.com\/pl\/prawa-autorskie\/#breadcrumb"},"inLanguage":"pl-PL","potentialAction":[{"@type":"ReadAction","target":["https:\/\/arklam.com\/pl\/prawa-autorskie\/"]}]},{"@type":"BreadcrumbList","@id":"https:\/\/arklam.com\/pl\/prawa-autorskie\/#breadcrumb","itemListElement":[{"@type":"ListItem","position":1,"name":"Portada","item":"https:\/\/arklam.com\/pl\/"},{"@type":"ListItem","position":2,"name":"Prawa autorskie"}]},{"@type":"WebSite","@id":"https:\/\/arklam.com\/pl\/#website","url":"https:\/\/arklam.com\/pl\/","name":"Arklam","description":"","potentialAction":[{"@type":"SearchAction","target":{"@type":"EntryPoint","urlTemplate":"https:\/\/arklam.com\/pl\/?s={search_term_string}"},"query-input":{"@type":"PropertyValueSpecification","valueRequired":true,"valueName":"search_term_string"}}],"inLanguage":"pl-PL"}]}},"_links":{"self":[{"href":"https:\/\/arklam.com\/pl\/wp-json\/wp\/v2\/pages\/13559","targetHints":{"allow":["GET"]}}],"collection":[{"href":"https:\/\/arklam.com\/pl\/wp-json\/wp\/v2\/pages"}],"about":[{"href":"https:\/\/arklam.com\/pl\/wp-json\/wp\/v2\/types\/page"}],"author":[{"embeddable":true,"href":"https:\/\/arklam.com\/pl\/wp-json\/wp\/v2\/users\/1"}],"replies":[{"embeddable":true,"href":"https:\/\/arklam.com\/pl\/wp-json\/wp\/v2\/comments?post=13559"}],"version-history":[{"count":1,"href":"https:\/\/arklam.com\/pl\/wp-json\/wp\/v2\/pages\/13559\/revisions"}],"predecessor-version":[{"id":13560,"href":"https:\/\/arklam.com\/pl\/wp-json\/wp\/v2\/pages\/13559\/revisions\/13560"}],"wp:attachment":[{"href":"https:\/\/arklam.com\/pl\/wp-json\/wp\/v2\/media?parent=13559"}],"curies":[{"name":"wp","href":"https:\/\/api.w.org\/{rel}","templated":true}]}}