{"id":13780,"date":"2025-07-14T13:07:00","date_gmt":"2025-07-14T12:07:00","guid":{"rendered":"https:\/\/arklam.com\/polityka-plikow-cookie\/"},"modified":"2025-07-14T13:07:01","modified_gmt":"2025-07-14T12:07:01","slug":"polityka-plikow-cookie","status":"publish","type":"page","link":"https:\/\/arklam.com\/pl\/polityka-plikow-cookie\/","title":{"rendered":"Polityka plik\u00f3w cookie"},"content":{"rendered":"\n<p><strong>POLITYKA PLIK\u00d3W COOKIE<\/strong><\/p>\n\n<p>Data ostatniej aktualizacji: 04\/04\/2024<\/p>\n\n<p><strong>CZYM S\u0104 PLIKI COOKIE?<\/strong><\/p>\n\n<p>Cookies to ma\u0142e pliki, kt\u00f3re s\u0105 instalowane na dysku twardym lub w przegl\u0105darce komputera, tabletu, smartfona lub innego podobnego urz\u0105dzenia wyposa\u017conego w funkcje przegl\u0105dania Internetu. Pomagaj\u0105 one mi\u0119dzy innymi: personalizowa\u0107 us\u0142ugi w\u0142a\u015bciciela witryny, u\u0142atwia\u0107 przegl\u0105danie i korzystanie z witryny, uzyskiwa\u0107 zbiorcze informacje o odwiedzaj\u0105cych witryn\u0119, umo\u017cliwia\u0107 odtwarzanie i wy\u015bwietlanie tre\u015bci multimedialnych w samej witrynie, zezwala\u0107 na funkcjonowanie element\u00f3w interakcji mi\u0119dzy u\u017cytkownikiem a sam\u0105 witryn\u0105, uruchamia\u0107 narz\u0119dzia bezpiecze\u0144stwa itp.<\/p>\n\n<p><strong>DEFINICJE STOSOWANE W NINIEJSZEJ POLITYCE PLIK\u00d3W COOKIE<\/strong><\/p>\n\n<ul class=\"wp-block-list\">\n<li>Dane: s\u0105 to informacje uzyskane za pomoc\u0105 urz\u0105dzenia ko\u0144cowego u\u017cytkownika za po\u015brednictwem urz\u0105dzenia do przechowywania i wyszukiwania danych (pliki cookie lub inne). Dane b\u0119d\u0105 danymi osobowymi, gdy b\u0119d\u0105 to informacje o zidentyfikowanych lub mo\u017cliwych do zidentyfikowania osobach fizycznych, zgodnie z warunkami okre\u015blonymi w tre\u015bci art. 4 RODO<\/li>\n\n\n\n<li>Informacje zbiorcze: informacje niemaj\u0105ce charakteru nominalnego, zazwyczaj liczbowe i s\u0142u\u017c\u0105ce do dostarczania informacji statystycznych<\/li>\n\n\n\n<li>Urz\u0105dzenie ko\u0144cowe: urz\u0105dzenie, z kt\u00f3rego u\u017cytkownik uzyskuje dost\u0119p do us\u0142ugi, takie jak komputer osobisty, telefon kom\u00f3rkowy, tablet itp. i z kt\u00f3rego uzyskiwane s\u0105 informacje<\/li>\n\n\n\n<li>Us\u0142uga spo\u0142ecze\u0144stwa informacyjnego: wszelka us\u0142uga \u015bwiadczona na indywidualne \u017c\u0105danie u\u017cytkownika, odp\u0142atnie lub nieodp\u0142atnie, na odleg\u0142o\u015b\u0107 i drog\u0105 elektroniczn\u0105, pod warunkiem, \u017ce &#8211; w rozumieniu niniejszego przewodnika &#8211; stanowi ona dzia\u0142alno\u015b\u0107 gospodarcz\u0105 dla wydawcy, kt\u00f3rego \u015bwiadczenie stanowi podstaw\u0119 do korzystania z plik\u00f3w cookie<\/li>\n\n\n\n<li>Redaktor: osoba odpowiedzialna za stron\u0119 internetow\u0105 lub jej w\u0142a\u015bciciel<\/li>\n\n\n\n<li>Podmiot zewn\u0119trzny: podmiot zewn\u0119trzny, wsp\u00f3\u0142pracownik, us\u0142ugodawca lub podmiot powi\u0105zany z redaktorem, zaanga\u017cowany w zarz\u0105dzanie niekt\u00f3rymi plikami cookie<\/li>\n\n\n\n<li>Podmiot odpowiedzialny za plik cookie: redaktor, administrator, w\u0142a\u015bciciel witryny lub, w niekt\u00f3rych przypadkach, strona trzecia<\/li>\n\n\n\n<li>Zwyczaje zwi\u0105zane z przegl\u0105daniem: trendy wykazywane przez u\u017cytkownika podczas przegl\u0105dania strony internetowej, takie jak na przyk\u0142ad: czas sp\u0119dzony na stronie, raporty z wizyty, najcz\u0119\u015bciej odwiedzane sekcje, pochodzenie wizyty, miejsce docelowe wizyty.<\/li>\n<\/ul>\n\n<p><strong>Jakie istniej\u0105 rodzaje plik\u00f3w cookie?<\/strong><\/p>\n\n<p>Wed\u0142ug zarz\u0105dzaj\u0105cego nimi podmiotu:<\/p>\n\n<p>W\u0142asne pliki cookie: s\u0105 to pliki wysy\u0142ane do urz\u0105dzenia ko\u0144cowego u\u017cytkownika z komputera lub domeny zarz\u0105dzanej przez samego redaktora, z kt\u00f3rych \u015bwiadczona jest us\u0142uga, jakiej za\u017c\u0105da\u0142 u\u017cytkownik.<\/p>\n\n<p>Pliki cookie stron trzecich: s\u0105 to pliki cookie wysy\u0142ane do urz\u0105dzenia ko\u0144cowego u\u017cytkownika z komputera lub domeny, kt\u00f3re nie s\u0105 zarz\u0105dzane przez redaktora, ale przez inny podmiot przetwarzaj\u0105cy dane uzyskane za po\u015brednictwem plik\u00f3w cookie.<\/p>\n\n<p>W zale\u017cno\u015bci od tego, jak d\u0142ugo pozostaj\u0105 one aktywne na urz\u0105dzeniu ko\u0144cowym:<\/p>\n\n<p>Sesyjne pliki cookie: s\u0105 przeznaczone do gromadzenia i przechowywania danych, gdy u\u017cytkownik uzyskuje dost\u0119p do strony internetowej. S\u0105 one zazwyczaj u\u017cywane do przechowywania informacji, kt\u00f3re musz\u0105 by\u0107 przechowywane tylko w celu \u015bwiadczenia us\u0142ugi \u017c\u0105danej przez u\u017cytkownika przy jednej jedynej okazji (na przyk\u0142ad lista zakupionych produkt\u00f3w) i znikaj\u0105 po zako\u0144czeniu sesji.<\/p>\n\n<p>Trwa\u0142e pliki cookie: s\u0105 to pliki cookie, w kt\u00f3rych dane s\u0105 przechowywane na urz\u0105dzeniu ko\u0144cowym i mog\u0105 by\u0107 dost\u0119pne i przetwarzane przez okres okre\u015blony przez stron\u0119 odpowiedzialn\u0105 za plik cookie, kt\u00f3ry mo\u017ce wynosi\u0107 od kilku minut do kilku lat.<\/p>\n\n<p>W zale\u017cno\u015bci od celu przetwarzania danych uzyskanych za po\u015brednictwem plik\u00f3w cookie:<\/p>\n\n<p>Techniczne pliki cookie: to te, kt\u00f3re umo\u017cliwiaj\u0105 u\u017cytkownikowi poruszanie si\u0119 po stronie internetowej, platformie lub aplikacji oraz korzystanie z r\u00f3\u017cnych istniej\u0105cych w jej ramach opcji lub us\u0142ug, w tym tych, kt\u00f3re redaktor wykorzystuje w celu umo\u017cliwienia zarz\u0105dzania i dzia\u0142ania strony internetowej oraz korzystania z jej funkcji i us\u0142ug, takich jak na przyk\u0142ad kontrola ruchu i transmisji danych, identyfikacja sesji, dost\u0119p do sekcji o ograniczonym dost\u0119pie, zapami\u0119tywanie element\u00f3w sk\u0142adaj\u0105cych si\u0119 na zam\u00f3wienie, dokonywanie procesu zakupu zam\u00f3wienia, zarz\u0105dzanie p\u0142atno\u015bciami, kontrolowanie oszustw zwi\u0105zanych z bezpiecze\u0144stwem us\u0142ugi, sk\u0142adanie wniosku o rejestracj\u0119 lub udzia\u0142 w wydarzeniu, zliczanie odwiedzin do cel\u00f3w rozliczania licencji na oprogramowanie, z kt\u00f3rym wsp\u00f3\u0142pracuje us\u0142uga (strona internetowa, platforma lub aplikacja), korzystanie z funkcji bezpiecze\u0144stwa podczas przegl\u0105dania, przechowywanie tre\u015bci do nadawania film\u00f3w lub d\u017awi\u0119ku, w\u0142\u0105czanie dynamicznych tre\u015bci (na przyk\u0142ad animacji \u0142adowania tekstu lub obrazu) lub udost\u0119pnianie tre\u015bci za po\u015brednictwem portali spo\u0142eczno\u015bciowych. Do tej kategorii, ze wzgl\u0119du na ich techniczny charakter, zaliczaj\u0105 si\u0119 r\u00f3wnie\u017c te pliki cookie, kt\u00f3re umo\u017cliwiaj\u0105 zarz\u0105dzanie &#8211; w mo\u017cliwie najbardziej efektywny spos\u00f3b &#8211; przestrzeniami reklamowymi, kt\u00f3re &#8211; jako jeden z element\u00f3w projektu lub \u201euk\u0142adu\u201d us\u0142ugi oferowanej u\u017cytkownikowi &#8211; redaktor umie\u015bci\u0142 na stronie internetowej, aplikacji lub platformie w oparciu o kryteria takie jak edytowana tre\u015b\u0107, bez gromadzenia informacji od u\u017cytkownik\u00f3w do innych cel\u00f3w, takich jak personalizacja tych tre\u015bci reklamowych lub innych tre\u015bci.<\/p>\n\n<p>Preferencyjne lub personalizacyjne pliki cookie: s\u0105 to pliki cookie umo\u017cliwiaj\u0105ce zapami\u0119tywanie informacji, aby u\u017cytkownik m\u00f3g\u0142 uzyska\u0107 dost\u0119p do us\u0142ugi o pewnych konkretnych cechach, kt\u00f3re mog\u0105 odr\u00f3\u017cni\u0107 jego do\u015bwiadczenia od do\u015bwiadcze\u0144 innych u\u017cytkownik\u00f3w, takich jak na przyk\u0142ad j\u0119zyk, liczba wynik\u00f3w, jakie maj\u0105 by\u0107 wy\u015bwietlane, gdy u\u017cytkownik dokonuje wyszukiwania, wygl\u0105d lub zawarto\u015b\u0107 us\u0142ugi w zale\u017cno\u015bci od rodzaju przegl\u0105darki, za po\u015brednictwem kt\u00f3rej u\u017cytkownik uzyskuje dost\u0119p do us\u0142ugi lub regionu, z kt\u00f3rego uzyskuje dost\u0119p do us\u0142ugi itp.<\/p>\n\n<p>Analityczne lub pomiarowe pliki cookie: s\u0105 to pliki cookie, kt\u00f3re umo\u017cliwiaj\u0105 odpowiedzialnemu za nie podmiotowi monitorowanie i analizowanie zachowa\u0144 u\u017cytkownik\u00f3w stron internetowych, z kt\u00f3rymi s\u0105 powi\u0105zane, w tym ilo\u015bciowe okre\u015blenie wp\u0142ywu wy\u015bwietlanych reklam. Informacje zebrane za pomoc\u0105 tego typu plik\u00f3w cookie s\u0105 wykorzystywane do pomiaru aktywno\u015bci stron internetowych, aplikacji lub platformy w celu wprowadzania ulepsze\u0144 w oparciu o analiz\u0119 danych dotycz\u0105cych korzystania z us\u0142ugi przez u\u017cytkownik\u00f3w.<\/p>\n\n<p>Reklamowe pliki cookie: s\u0105 to pliki umo\u017cliwiaj\u0105ce zarz\u0105dzanie &#8211; w mo\u017cliwie najbardziej efektywny spos\u00f3b &#8211; przestrzeniami reklamowymi, jakie, w stosownych przypadkach, redaktor umie\u015bci\u0142 na stronie internetowej, aplikacji lub platformie, z kt\u00f3rej \u015bwiadczona jest \u017c\u0105dana us\u0142uga, w oparciu o kryteria takie jak edytowana tre\u015b\u0107 lub cz\u0119stotliwo\u015b\u0107 wy\u015bwietlania reklamy.<\/p>\n\n<p>Pliki cookie zwi\u0105zane z reklam\u0105 behawioraln\u0105: s\u0105 to pliki umo\u017cliwiaj\u0105ce zarz\u0105dzanie &#8211; w mo\u017cliwie najbardziej efektywny spos\u00f3b &#8211; przestrzeniami reklamowymi, jakie, w stosownych przypadkach, edytor umie\u015bci\u0142 na stronie internetowej, aplikacji lub platformie, z kt\u00f3rej \u015bwiadczona jest \u017c\u0105dana us\u0142uga. Te pliki cookie przechowuj\u0105 informacje o zachowaniu u\u017cytkownik\u00f3w uzyskane poprzez ci\u0105g\u0142\u0105 obserwacj\u0119 ich nawyk\u00f3w przegl\u0105dania, co pozwala na opracowanie konkretnego profilu w celu wy\u015bwietlania reklam opartych na wspomnianych nawykach.<\/p>\n\n<p><strong>Z JAKICH PLIK\u00d3W COOKIE KORZYSTAMY?<\/strong><\/p>\n\n<figure class=\"wp-block-table\"><table><tbody><tr><td>Nazwa pliku cookie<\/td><td>W\u0142asne \/ strony trzeciej* *(zawieraj\u0105 adres URL do polityki plik\u00f3w cookie)<\/td><td>Rodzaj plik\u00f3w cookie<\/td><td>Cel<\/td><td>Trwa\u0142o\u015b\u0107<\/td><td>Przekazywanie danych poza Uni\u0119 Europejsk\u0105<\/td><\/tr><tr><td><strong>_ga<\/strong><\/td><td>Plik cookie Google Analytics<\/td><td><\/td><td>W\u0142\u0105czanie funkcji unikalnego \u015bledzenia odwiedzaj\u0105cych. Ten plik cookie zostanie zainstalowany, gdy u\u017cytkownik po raz pierwszy wejdzie na stron\u0119 internetow\u0105 za po\u015brednictwem przegl\u0105darki. Gdy u\u017cytkownik ponownie wejdzie na stron\u0119 za pomoc\u0105 tej samej przegl\u0105darki, plik cookie uzna, \u017ce jest to ten sam u\u017cytkownik, co przedtem. Tylko w przypadku, gdy u\u017cytkownik zmieni przegl\u0105dark\u0119, zostanie uznany za innego u\u017cytkownika<\/td><td><\/td><td><\/td><\/tr><tr><td>\u00a0<strong>_gat<\/strong><\/td><td>\u00a0Google Analytics<\/td><td>\u00a0<\/td><td>\u00a0\u00a0S\u0142u\u017cy do ograniczania szybko\u015bci \u017c\u0105da\u0144 &#8211; ograniczania gromadzenia danych w witrynach o du\u017cym nat\u0119\u017ceniu ruchu.\u00a0<\/td><td>\u00a010 min<\/td><td>\u00a0<\/td><\/tr><tr><td>\u00a0<strong>_gcl_au<\/strong><\/td><td>\u00a0<\/td><td>\u00a0<\/td><td>\u00a0Pobiera informacje z klikni\u0119\u0107 reklam i przechowuje je w zastrze\u017conym pliku cookie, dzi\u0119ki czemu konwersje mog\u0105 by\u0107 przypisywane poza stron\u0105 docelow\u0105.<\/td><td>\u00a090 dni<\/td><td>\u00a0<\/td><\/tr><tr><td>\u00a0<strong>_gid<\/strong><\/td><td>\u00a0<\/td><td>\u00a0<\/td><td>\u00a0S\u0142u\u017cy do rozr\u00f3\u017cniania u\u017cytkownik\u00f3w.\u00a0<\/td><td>\u00a024 godziny<\/td><td>\u00a0<\/td><\/tr><tr><td><a><\/a> \u00a0<\/td><td>\u00a0<\/td><td>\u00a0<\/td><td>\u00a0<\/td><td><\/td><td>\u00a0<\/td><\/tr><\/tbody><\/table><\/figure>\n\n<p>Te pliki cookie s\u0105 wykorzystywane do tworzenia profili u\u017cytkownik\u00f3w naszej strony internetowej w celu podejmowania zautomatyzowanych decyzji w oparciu o nast\u0119puj\u0105c\u0105 logik\u0119: _____(zapyta\u0107 tw\u00f3rc\u00f3w strony internetowej) _____. To profilowanie i decyzje podejmowane na podstawie danych skutkuj\u0105 wy\u017cszym poziomem personalizacji i przewidywania preferencji przegl\u0105daj\u0105cych.<\/p>\n\n<p>U\u017cytkownik mo\u017ce uzyska\u0107 informacje o transferach do kraj\u00f3w trzecich, kt\u00f3re w stosownych przypadkach s\u0105 dokonywane przez strony trzecie wskazane w niniejszej polityce dotycz\u0105cej plik\u00f3w cookie, a tak\u017ce o ryzyku zwi\u0105zanym z takimi transferami zgodnie z ich w\u0142asnymi politykami, poza niniejsz\u0105 witryn\u0105 internetow\u0105, uzyskuj\u0105c dost\u0119p do tre\u015bci odpowiednich polityk dotycz\u0105cych plik\u00f3w cookie podanych w ka\u017cdym przypadku w powy\u017cszej tabeli.<\/p>\n\n<p>U\u017cytkownik mo\u017ce zaakceptowa\u0107, odm\u00f3wi\u0107 lub cofn\u0105\u0107 zgod\u0119 na korzystanie z plik\u00f3w cookie opisanych w niniejszej polityce za po\u015brednictwem konfiguratora plik\u00f3w cookie, kt\u00f3ry jest dost\u0119pny w pocz\u0105tkowym powiadomieniu o korzystaniu z plik\u00f3w cookie po wej\u015bciu na stron\u0119 g\u0142\u00f3wn\u0105. Mo\u017ce jednak r\u00f3wnie\u017c wy\u0142\u0105czy\u0107 lub usun\u0105\u0107 wcze\u015bniej zaakceptowane pliki cookie za pomoc\u0105 ustawie\u0144 przegl\u0105darek internetowych. W niniejszej polityce dotycz\u0105cej plik\u00f3w cookie wskazujemy najpopularniejsze z nich.<\/p>\n\n<p><strong>JAK WY\u0141\u0104CZY\u0106 PLIKI COOKIE?<\/strong><\/p>\n\n<p>Zablokowanie lub wy\u0142\u0105czenie wszystkich plik\u00f3w cookie pomaga chroni\u0107 prywatno\u015b\u0107, ale mo\u017ce r\u00f3wnie\u017c ograniczy\u0107 korzystanie z niekt\u00f3rych witryn internetowych, a tak\u017ce ograniczy\u0107 funkcje lub nawet uniemo\u017cliwi\u0107 prawid\u0142ow\u0105 nawigacj\u0119 lub korzystanie z niekt\u00f3rych us\u0142ug.\u00a0<\/p>\n\n<p>U\u017cytkownik mo\u017ce w\u0142\u0105czy\u0107 lub wy\u0142\u0105czy\u0107 opisane powy\u017cej pliki cookie (z wyj\u0105tkiem technicznych plik\u00f3w cookie, kt\u00f3re s\u0105 niezb\u0119dne do prawid\u0142owego dzia\u0142ania witryny) za pomoc\u0105 konfiguratora, kt\u00f3ry pojawia si\u0119 w informacji o korzystaniu z plik\u00f3w cookie, po wej\u015bciu na nasz\u0105 stron\u0119 g\u0142\u00f3wn\u0105. Pami\u0119taj, \u017ce je\u015bli zaakceptujesz pliki cookie stron trzecich, musisz je usun\u0105\u0107 z opcji przegl\u0105darki lub z systemu oferowanego bezpo\u015brednio przez sam\u0105 stron\u0119 trzeci\u0105.<\/p>\n\n<p>Podobnie, je\u015bli chcesz dowiedzie\u0107 si\u0119, jak wy\u0142\u0105czy\u0107 pliki cookie w najpopularniejszych przegl\u0105darkach internetowych, zapraszamy do skorzystania z poni\u017cszych samouczk\u00f3w:<\/p>\n\n<ul class=\"wp-block-list\">\n<li><a href=\"http:\/\/support.google.com\/chrome\/answer\/95647?hl=es\"><em>Google Chrome<\/em><\/a><\/li>\n\n\n\n<li><a href=\"http:\/\/support.mozilla.org\/es\/kb\/habilitar-y-deshabilitar-cookies-que-los-sitios-we\"><em>Mozilla Firefox<\/em><\/a><\/li>\n\n\n\n<li><a href=\"https:\/\/support.microsoft.com\/es-es\/microsoft-edge\/eliminar-las-cookies-en-microsoft-edge-63947406-40ac-c3b8-57b9-2a946a29ae09\"><em>Microsoft<\/em><\/a><em>Edge<\/em><\/li>\n\n\n\n<li><a href=\"http:\/\/support.apple.com\/es-es\/HT1677\"><em>Safari<\/em><\/a><\/li>\n\n\n\n<li><a href=\"http:\/\/support.google.com\/chrome\/answer\/2392971?hl=es\"><em>Chrome dla Androida<\/em><\/a><\/li>\n\n\n\n<li><a href=\"http:\/\/help.opera.com\/Windows\/11.50\/es-ES\/cookies.html\"><em>Opera<\/em><\/a><\/li>\n<\/ul>\n\n<p>W przypadku jakichkolwiek pyta\u0144 lub w\u0105tpliwo\u015bci dotycz\u0105cych niniejszej Polityki plik\u00f3w cookie mo\u017cna skontaktowa\u0107 si\u0119 z nami za po\u015brednictwem metod kontaktu dost\u0119pnych na naszej stronie internetowej.<\/p>\n\n<p>Aby uzyska\u0107 pe\u0142ne i szczeg\u00f3\u0142owe informacje na temat ochrony danych osobowych, odsy\u0142amy do naszej polityki prywatno\u015bci.<\/p>\n","protected":false},"excerpt":{"rendered":"<p>POLITYKA PLIK\u00d3W COOKIE Data ostatniej aktualizacji: 04\/04\/2024 CZYM S\u0104 PLIKI COOKIE? Cookies to ma\u0142e pliki, kt\u00f3re s\u0105 instalowane na dysku twardym lub w przegl\u0105darce komputera, tabletu, smartfona lub innego podobnego urz\u0105dzenia wyposa\u017conego w funkcje przegl\u0105dania Internetu. Pomagaj\u0105 one mi\u0119dzy innymi: personalizowa\u0107 us\u0142ugi w\u0142a\u015bciciela witryny, u\u0142atwia\u0107 przegl\u0105danie i korzystanie z witryny, uzyskiwa\u0107 zbiorcze informacje o odwiedzaj\u0105cych [&hellip;]<\/p>\n","protected":false},"author":1,"featured_media":0,"parent":0,"menu_order":0,"comment_status":"closed","ping_status":"closed","template":"legal.php","meta":{"_acf_changed":false,"inline_featured_image":false,"footnotes":""},"class_list":["post-13780","page","type-page","status-publish","hentry"],"acf":[],"yoast_head":"<!-- This site is optimized with the Yoast SEO plugin v27.4 - https:\/\/yoast.com\/product\/yoast-seo-wordpress\/ -->\n<title>Polityka plik\u00f3w cookie - Arklam<\/title>\n<meta name=\"robots\" content=\"index, follow, max-snippet:-1, max-image-preview:large, max-video-preview:-1\" \/>\n<link rel=\"canonical\" href=\"https:\/\/arklam.com\/pl\/polityka-plikow-cookie\/\" \/>\n<meta property=\"og:locale\" content=\"pl_PL\" \/>\n<meta property=\"og:type\" content=\"article\" \/>\n<meta property=\"og:title\" content=\"Polityka plik\u00f3w cookie - Arklam\" \/>\n<meta property=\"og:description\" content=\"POLITYKA PLIK\u00d3W COOKIE Data ostatniej aktualizacji: 04\/04\/2024 CZYM S\u0104 PLIKI COOKIE? Cookies to ma\u0142e pliki, kt\u00f3re s\u0105 instalowane na dysku twardym lub w przegl\u0105darce komputera, tabletu, smartfona lub innego podobnego urz\u0105dzenia wyposa\u017conego w funkcje przegl\u0105dania Internetu. Pomagaj\u0105 one mi\u0119dzy innymi: personalizowa\u0107 us\u0142ugi w\u0142a\u015bciciela witryny, u\u0142atwia\u0107 przegl\u0105danie i korzystanie z witryny, uzyskiwa\u0107 zbiorcze informacje o odwiedzaj\u0105cych [&hellip;]\" \/>\n<meta property=\"og:url\" content=\"https:\/\/arklam.com\/pl\/polityka-plikow-cookie\/\" \/>\n<meta property=\"og:site_name\" content=\"Arklam\" \/>\n<meta property=\"article:modified_time\" content=\"2025-07-14T12:07:01+00:00\" \/>\n<meta name=\"twitter:card\" content=\"summary_large_image\" \/>\n<meta name=\"twitter:label1\" content=\"Szacowany czas czytania\" \/>\n\t<meta name=\"twitter:data1\" content=\"9 minut\" \/>\n<script type=\"application\/ld+json\" class=\"yoast-schema-graph\">{\"@context\":\"https:\\\/\\\/schema.org\",\"@graph\":[{\"@type\":\"WebPage\",\"@id\":\"https:\\\/\\\/arklam.com\\\/pl\\\/polityka-plikow-cookie\\\/\",\"url\":\"https:\\\/\\\/arklam.com\\\/pl\\\/polityka-plikow-cookie\\\/\",\"name\":\"Polityka plik\u00f3w cookie - Arklam\",\"isPartOf\":{\"@id\":\"https:\\\/\\\/arklam.com\\\/pl\\\/#website\"},\"datePublished\":\"2025-07-14T12:07:00+00:00\",\"dateModified\":\"2025-07-14T12:07:01+00:00\",\"breadcrumb\":{\"@id\":\"https:\\\/\\\/arklam.com\\\/pl\\\/polityka-plikow-cookie\\\/#breadcrumb\"},\"inLanguage\":\"pl-PL\",\"potentialAction\":[{\"@type\":\"ReadAction\",\"target\":[\"https:\\\/\\\/arklam.com\\\/pl\\\/polityka-plikow-cookie\\\/\"]}]},{\"@type\":\"BreadcrumbList\",\"@id\":\"https:\\\/\\\/arklam.com\\\/pl\\\/polityka-plikow-cookie\\\/#breadcrumb\",\"itemListElement\":[{\"@type\":\"ListItem\",\"position\":1,\"name\":\"Portada\",\"item\":\"https:\\\/\\\/arklam.com\\\/pl\\\/\"},{\"@type\":\"ListItem\",\"position\":2,\"name\":\"Polityka plik\u00f3w cookie\"}]},{\"@type\":\"WebSite\",\"@id\":\"https:\\\/\\\/arklam.com\\\/pl\\\/#website\",\"url\":\"https:\\\/\\\/arklam.com\\\/pl\\\/\",\"name\":\"Arklam\",\"description\":\"\",\"potentialAction\":[{\"@type\":\"SearchAction\",\"target\":{\"@type\":\"EntryPoint\",\"urlTemplate\":\"https:\\\/\\\/arklam.com\\\/pl\\\/?s={search_term_string}\"},\"query-input\":{\"@type\":\"PropertyValueSpecification\",\"valueRequired\":true,\"valueName\":\"search_term_string\"}}],\"inLanguage\":\"pl-PL\"}]}<\/script>\n<!-- \/ Yoast SEO plugin. -->","yoast_head_json":{"title":"Polityka plik\u00f3w cookie - Arklam","robots":{"index":"index","follow":"follow","max-snippet":"max-snippet:-1","max-image-preview":"max-image-preview:large","max-video-preview":"max-video-preview:-1"},"canonical":"https:\/\/arklam.com\/pl\/polityka-plikow-cookie\/","og_locale":"pl_PL","og_type":"article","og_title":"Polityka plik\u00f3w cookie - Arklam","og_description":"POLITYKA PLIK\u00d3W COOKIE Data ostatniej aktualizacji: 04\/04\/2024 CZYM S\u0104 PLIKI COOKIE? Cookies to ma\u0142e pliki, kt\u00f3re s\u0105 instalowane na dysku twardym lub w przegl\u0105darce komputera, tabletu, smartfona lub innego podobnego urz\u0105dzenia wyposa\u017conego w funkcje przegl\u0105dania Internetu. Pomagaj\u0105 one mi\u0119dzy innymi: personalizowa\u0107 us\u0142ugi w\u0142a\u015bciciela witryny, u\u0142atwia\u0107 przegl\u0105danie i korzystanie z witryny, uzyskiwa\u0107 zbiorcze informacje o odwiedzaj\u0105cych [&hellip;]","og_url":"https:\/\/arklam.com\/pl\/polityka-plikow-cookie\/","og_site_name":"Arklam","article_modified_time":"2025-07-14T12:07:01+00:00","twitter_card":"summary_large_image","twitter_misc":{"Szacowany czas czytania":"9 minut"},"schema":{"@context":"https:\/\/schema.org","@graph":[{"@type":"WebPage","@id":"https:\/\/arklam.com\/pl\/polityka-plikow-cookie\/","url":"https:\/\/arklam.com\/pl\/polityka-plikow-cookie\/","name":"Polityka plik\u00f3w cookie - Arklam","isPartOf":{"@id":"https:\/\/arklam.com\/pl\/#website"},"datePublished":"2025-07-14T12:07:00+00:00","dateModified":"2025-07-14T12:07:01+00:00","breadcrumb":{"@id":"https:\/\/arklam.com\/pl\/polityka-plikow-cookie\/#breadcrumb"},"inLanguage":"pl-PL","potentialAction":[{"@type":"ReadAction","target":["https:\/\/arklam.com\/pl\/polityka-plikow-cookie\/"]}]},{"@type":"BreadcrumbList","@id":"https:\/\/arklam.com\/pl\/polityka-plikow-cookie\/#breadcrumb","itemListElement":[{"@type":"ListItem","position":1,"name":"Portada","item":"https:\/\/arklam.com\/pl\/"},{"@type":"ListItem","position":2,"name":"Polityka plik\u00f3w cookie"}]},{"@type":"WebSite","@id":"https:\/\/arklam.com\/pl\/#website","url":"https:\/\/arklam.com\/pl\/","name":"Arklam","description":"","potentialAction":[{"@type":"SearchAction","target":{"@type":"EntryPoint","urlTemplate":"https:\/\/arklam.com\/pl\/?s={search_term_string}"},"query-input":{"@type":"PropertyValueSpecification","valueRequired":true,"valueName":"search_term_string"}}],"inLanguage":"pl-PL"}]}},"_links":{"self":[{"href":"https:\/\/arklam.com\/pl\/wp-json\/wp\/v2\/pages\/13780","targetHints":{"allow":["GET"]}}],"collection":[{"href":"https:\/\/arklam.com\/pl\/wp-json\/wp\/v2\/pages"}],"about":[{"href":"https:\/\/arklam.com\/pl\/wp-json\/wp\/v2\/types\/page"}],"author":[{"embeddable":true,"href":"https:\/\/arklam.com\/pl\/wp-json\/wp\/v2\/users\/1"}],"replies":[{"embeddable":true,"href":"https:\/\/arklam.com\/pl\/wp-json\/wp\/v2\/comments?post=13780"}],"version-history":[{"count":1,"href":"https:\/\/arklam.com\/pl\/wp-json\/wp\/v2\/pages\/13780\/revisions"}],"predecessor-version":[{"id":13781,"href":"https:\/\/arklam.com\/pl\/wp-json\/wp\/v2\/pages\/13780\/revisions\/13781"}],"wp:attachment":[{"href":"https:\/\/arklam.com\/pl\/wp-json\/wp\/v2\/media?parent=13780"}],"curies":[{"name":"wp","href":"https:\/\/api.w.org\/{rel}","templated":true}]}}