{"id":13782,"date":"2025-07-14T13:07:00","date_gmt":"2025-07-14T12:07:00","guid":{"rendered":"https:\/\/arklam.com\/polityka-prywatnosci\/"},"modified":"2025-07-14T13:07:01","modified_gmt":"2025-07-14T12:07:01","slug":"polityka-prywatnosci","status":"publish","type":"page","link":"https:\/\/arklam.com\/pl\/polityka-prywatnosci\/","title":{"rendered":"Polityka prywatno\u015bci"},"content":{"rendered":"\n<h4 class=\"wp-block-heading\">KTO JEST ADMINISTRATOREM DANYCH?<\/h4>\n\n<ul class=\"wp-block-list\">\n<li>To\u017csamo\u015b\u0107 administratora: SANICERAMIC IMPORT AND EXPORT, S.L. (B96152004)<\/li>\n\n\n\n<li>Adres fizyczny. CRTA. ALCORA KM 7,5 &#8211; 12130 SANT JOAN DE MOR\u00d3 (CASTELL\u00d3N)<\/li>\n\n\n\n<li>E-mail. arklam@arklam.es<\/li>\n\n\n\n<li>Telefon. (0034) 964 626 309<\/li>\n<\/ul>\n\n<h4 class=\"wp-block-heading\">JAKIE DANE OSOBOWE PRZETWARZAMY?<\/h4>\n\n<p>W ramach poszczeg\u00f3lnych czynno\u015bci przetwarzania wykonywanych w obr\u0119bie organizacji gromadzone s\u0105 nast\u0119puj\u0105ce rodzaje danych:<\/p>\n\n<p>&#8211; Dane identyfikacyjne<\/p>\n\n<p>&#8211; Dane akademickie i zawodowe<\/p>\n\n<h4 class=\"wp-block-heading\">W JAKICH CELACH I KONKRETNYCH PRZYPADKACH PRZETWARZAMY DANE OSOBOWE?<\/h4>\n\n<p>Przetwarzamy dane osobowe w nast\u0119puj\u0105cych celach:<\/p>\n\n<ul class=\"wp-block-list\">\n<li>Newsletter: wysy\u0142anie informacji za po\u015brednictwem dostarczonych \u015brodk\u00f3w o nowo\u015bciach, wiadomo\u015bciach, produktach i us\u0142ugach zwi\u0105zanych z nami lub naszym sektorem.<\/li>\n\n\n\n<li>Kontakt: w celu odpowiadania na otrzymane pro\u015bby o informacje na temat oferowanych produkt\u00f3w i us\u0142ug, a tak\u017ce w celu udzielania odpowiedzi na wszelkie inne rodzaje pyta\u0144 przesy\u0142anych przez u\u017cytkownik\u00f3w.<\/li>\n\n\n\n<li>Obszar klienta: informacje dostarczane za po\u015brednictwem platformy. S\u0142u\u017cy do zarz\u0105dzania naszymi us\u0142ugami i umo\u017cliwia u\u017cytkownikowi zapoznanie si\u0119 z arkuszami danych technicznych, zdj\u0119ciami i szczeg\u00f3\u0142owymi informacjami na temat ka\u017cdego produktu.<\/li>\n<\/ul>\n\n<p>Gromadzone dane osobowe nie b\u0119d\u0105 wykorzystywane do profilowania ani zautomatyzowanego podejmowania decyzji.<\/p>\n\n<h4 class=\"wp-block-heading\">JAKA JEST PODSTAWA PRAWNA PRZETWARZANIA DANYCH?<\/h4>\n\n<p>Organizacja mo\u017ce przetwarza\u0107 dane osobowe w celu:<\/p>\n\n<p>&#8211; Zachowania zgodno\u015bci z obowi\u0105zkami prawnymi i regulacyjnymi &#8211; gwoli przyk\u0142adu i bez ogranicze\u0144: Og\u00f3lna ustawa o ochronie konsument\u00f3w i u\u017cytkownik\u00f3w, og\u00f3lna ustawa podatkowa, ustawa o podatku dochodowym od os\u00f3b prawnych, ustawa o audycie, ustawa o podatku od towar\u00f3w i us\u0142ug, kodeks cywilny, kodeks handlowy<\/p>\n\n<p>&#8211; Wykonania umowy: informacje o zam\u00f3wionych produktach i\/lub us\u0142ugach, zarz\u0105dzanie wnioskami.<\/p>\n\n<p>&#8211; Uzyskania zgody: wchodz\u0105c na nasz\u0105 stron\u0119 internetow\u0105 i wype\u0142niaj\u0105c formularze lub przesy\u0142aj\u0105c nam dane za po\u015brednictwem wskazanych elektronicznych \u015brodk\u00f3w kontaktu, u\u017cytkownik akceptuje niniejsz\u0105 Polityk\u0119 prywatno\u015bci. W zwi\u0105zku z tym przetwarzamy dane u\u017cytkownika w oparciu o wyra\u017con\u0105 przez niego zgod\u0119. Ponadto informujemy, \u017ce b\u0119dziemy wykorzystywa\u0107 dane osobowe wy\u0142\u0105cznie na mocy niniejszej Polityki prywatno\u015bci i, og\u00f3lnie rzecz bior\u0105c, b\u0119dziemy prosi\u0107 o zgod\u0119 u\u017cytkownika na wykorzystanie ich do cel\u00f3w innych ni\u017c te, dla kt\u00f3rych u\u017cytkownik pierwotnie jej udzieli\u0142. Wreszcie, informujemy, \u017ce u\u017cytkownik mo\u017ce wycofa\u0107 swoj\u0105 zgod\u0119 w dowolnym momencie, kontaktuj\u0105c si\u0119 z nami za po\u015brednictwem \u015brodk\u00f3w wskazanych w niniejszej polityce prywatno\u015bci<\/p>\n\n<p>Aby odpowiedzie\u0107 na wniosek, zainteresowana strona musi dostarczy\u0107 minimaln\u0105 liczb\u0119 wymaganych informacji. W przeciwnym razie wniosek nie zostanie rozpatrzony.<\/p>\n\n<h4 class=\"wp-block-heading\">JAK D\u0141UGO PRZETWARZAMY DANE OSOBOWE?<\/h4>\n\n<p>Przetwarzamy dane osobowe przez nast\u0119puj\u0105ce okresy:<\/p>\n\n<p>(I) Okres ustawowy<\/p>\n\n<p>(II) Okres niezb\u0119dny do wype\u0142nienia zobowi\u0105za\u0144 operacyjnych<\/p>\n\n<p>Dane b\u0119d\u0105 przechowywane przez okres niezb\u0119dny do realizacji celu, dla kt\u00f3rego zosta\u0142y zebrane, oraz do ustalenia ewentualnych zobowi\u0105za\u0144, kt\u00f3re mog\u0105 wynikn\u0105\u0107 z tego celu i z przetwarzania danych, zgodnie z wy\u017cej wymienionymi przepisami, opr\u00f3cz okres\u00f3w ustalonych w obowi\u0105zuj\u0105cych przepisach dotycz\u0105cych archiw\u00f3w i dokumentacji.<\/p>\n\n<h4 class=\"wp-block-heading\">KOMU UDOST\u0118PNIAMY DANE OSOBOWE?<\/h4>\n\n<p>Aby zrealizowa\u0107 opisane powy\u017cej cele, dane osobowe mog\u0105 by\u0107 udost\u0119pniane:<\/p>\n\n<p>&#8211; Us\u0142ugodawcom \u015bwiadcz\u0105cym us\u0142ugi w naszym imieniu<\/p>\n\n<p>informujemy, \u017ce zasadniczo nie dokonuje si\u0119 mi\u0119dzynarodowych transfer\u00f3w danych poza Europejski Obszar Gospodarczy (EOG). W przypadku przekazania danych poza EOG, ORGANIZACJA b\u0119dzie posiada\u0107 odpowiednie gwarancje do przeprowadzenia takiego przekazania, zgodnie z wymogami okre\u015blonymi w og\u00f3lnym rozporz\u0105dzeniu o ochronie danych<\/p>\n\n<h4 class=\"wp-block-heading\">Z JAKICH PRAW MO\u017bNA SKORZYSTA\u0106?<\/h4>\n\n<p>Zgodnie z prawodawstwem europejskim u\u017cytkownikowi przys\u0142uguj\u0105 nast\u0119puj\u0105ce prawa:<\/p>\n\n<p>&#8211; Dost\u0119pu: prawo do \u017c\u0105dania od administratora danych informacji o tym, czy jego dane osobowe s\u0105 przetwarzane.<\/p>\n\n<p>&#8211; Sprostowania: prawo pozwalaj\u0105ce osobie, kt\u00f3rej dane dotycz\u0105, za\u017c\u0105da\u0107 modyfikacji niedok\u0142adnych lub niekompletnych danych.<\/p>\n\n<p>&#8211; Sprzeciwu: prawo osoby fizycznej do wniesienia sprzeciwu wobec przetwarzania jej danych osobowych lub zaprzestania takiego przetwarzania.<\/p>\n\n<p>&#8211; Podejmowania zautomatyzowanych decyzji indywidualnych: prawo do niepodlegania decyzji opartej wy\u0142\u0105cznie na zautomatyzowanym przetwarzaniu, w tym profilowaniu, kt\u00f3re wywo\u0142uje wobec niej skutki prawne lub wywiera na ni\u0105 podobny istotny wp\u0142yw.<\/p>\n\n<p>&#8211; Ograniczenia: prawo do zawieszenia przetwarzania danych osobowych u\u017cytkownika w pewnych okoliczno\u015bciach<\/p>\n\n<p>&#8211; Usuni\u0119cia lub zapomnienia: prawo do usuni\u0119cia danych osobowych osoby, kt\u00f3rej dane dotycz\u0105<\/p>\n\n<p>&#8211; Przenoszenia: prawo do \u017c\u0105dania od administratora przekazania danych osobowych w ustrukturyzowanym i przejrzystym formacie innemu administratorowi.<\/p>\n\n<p>Maksymalny termin na rozpatrzenie wniosku wynosi 30 dni od jego otrzymania, kt\u00f3ry w razie potrzeby mo\u017ce zosta\u0107 przed\u0142u\u017cony o maksymalnie 2 miesi\u0105ce.<\/p>\n\n<p>Wnioskodawca mo\u017ce wykonywa\u0107 swoje prawa w nast\u0119puj\u0105cy spos\u00f3b:<\/p>\n\n<p>&#8211; Wysy\u0142aj\u0105c wiadomo\u015b\u0107 e-mail na adres arklam@arklam.es z dokumentacj\u0105 potwierdzaj\u0105c\u0105 to\u017csamo\u015b\u0107 wnioskodawcy (kopia przedniej strony dowodu osobistego lub jego odpowiednika)<\/p>\n\n<p>&#8211; Wysy\u0142aj\u0105c wiadomo\u015b\u0107 poczt\u0105 na adres CRTA. ALCORA KM 7,5 &#8211; 12130 SANT JOAN DE MOR\u00d3 (CASTELL\u00d3N), dostarczaj\u0105c dokumenty potwierdzaj\u0105ce to\u017csamo\u015b\u0107 wnioskodawcy (kopia przedniej strony dowodu osobistego lub jego odpowiednika)<\/p>\n\n<p>&#8211; W ka\u017cdym przypadku mo\u017cna zwr\u00f3ci\u0107 si\u0119 o ochron\u0119 do Hiszpa\u0144skiej Agencji Ochrony Danych za po\u015brednictwem <a href=\"https:\/\/www.aepd.es\/es\">jej strony internetowej<\/a>.<\/p>\n\n<h4 class=\"wp-block-heading\">ZMIANY W TRE\u015aCI NINIEJSZEJ POLITYKI PRYWATNO\u015aCI<\/h4>\n\n<p>Od czasu do czasu niniejsza Polityka prywatno\u015bci mo\u017ce ulega\u0107 modyfikacji w celu aktualizacji zmian w obowi\u0105zuj\u0105cych przepisach, uaktualnienia procedur gromadzenia i wykorzystywania danych osobowych, pojawienia si\u0119 nowych us\u0142ug lub wykluczenia innych. Zmiany te b\u0119d\u0105 obowi\u0105zywa\u0107 od momentu ich opublikowania na stronie internetowej, dlatego wa\u017cne jest, aby regularnie przegl\u0105da\u0107 niniejsz\u0105 Polityk\u0119 prywatno\u015bci, aby by\u0107 na bie\u017c\u0105co ze wszelkimi jej modyfikacjami.<\/p>\n","protected":false},"excerpt":{"rendered":"<p>KTO JEST ADMINISTRATOREM DANYCH? JAKIE DANE OSOBOWE PRZETWARZAMY? W ramach poszczeg\u00f3lnych czynno\u015bci przetwarzania wykonywanych w obr\u0119bie organizacji gromadzone s\u0105 nast\u0119puj\u0105ce rodzaje danych: &#8211; Dane identyfikacyjne &#8211; Dane akademickie i zawodowe W JAKICH CELACH I KONKRETNYCH PRZYPADKACH PRZETWARZAMY DANE OSOBOWE? Przetwarzamy dane osobowe w nast\u0119puj\u0105cych celach: Gromadzone dane osobowe nie b\u0119d\u0105 wykorzystywane do profilowania ani zautomatyzowanego [&hellip;]<\/p>\n","protected":false},"author":1,"featured_media":0,"parent":0,"menu_order":0,"comment_status":"closed","ping_status":"closed","template":"legal.php","meta":{"_acf_changed":false,"inline_featured_image":false,"footnotes":""},"class_list":["post-13782","page","type-page","status-publish","hentry"],"acf":[],"yoast_head":"<!-- This site is optimized with the Yoast SEO plugin v27.4 - https:\/\/yoast.com\/product\/yoast-seo-wordpress\/ -->\n<title>Polityka prywatno\u015bci - Arklam<\/title>\n<meta name=\"robots\" content=\"index, follow, max-snippet:-1, max-image-preview:large, max-video-preview:-1\" \/>\n<link rel=\"canonical\" href=\"https:\/\/arklam.com\/pl\/polityka-prywatnosci\/\" \/>\n<meta property=\"og:locale\" content=\"pl_PL\" \/>\n<meta property=\"og:type\" content=\"article\" \/>\n<meta property=\"og:title\" content=\"Polityka prywatno\u015bci - Arklam\" \/>\n<meta property=\"og:description\" content=\"KTO JEST ADMINISTRATOREM DANYCH? JAKIE DANE OSOBOWE PRZETWARZAMY? W ramach poszczeg\u00f3lnych czynno\u015bci przetwarzania wykonywanych w obr\u0119bie organizacji gromadzone s\u0105 nast\u0119puj\u0105ce rodzaje danych: &#8211; Dane identyfikacyjne &#8211; Dane akademickie i zawodowe W JAKICH CELACH I KONKRETNYCH PRZYPADKACH PRZETWARZAMY DANE OSOBOWE? Przetwarzamy dane osobowe w nast\u0119puj\u0105cych celach: Gromadzone dane osobowe nie b\u0119d\u0105 wykorzystywane do profilowania ani zautomatyzowanego [&hellip;]\" \/>\n<meta property=\"og:url\" content=\"https:\/\/arklam.com\/pl\/polityka-prywatnosci\/\" \/>\n<meta property=\"og:site_name\" content=\"Arklam\" \/>\n<meta property=\"article:modified_time\" content=\"2025-07-14T12:07:01+00:00\" \/>\n<meta name=\"twitter:card\" content=\"summary_large_image\" \/>\n<meta name=\"twitter:label1\" content=\"Szacowany czas czytania\" \/>\n\t<meta name=\"twitter:data1\" content=\"5 minut\" \/>\n<script type=\"application\/ld+json\" class=\"yoast-schema-graph\">{\"@context\":\"https:\\\/\\\/schema.org\",\"@graph\":[{\"@type\":\"WebPage\",\"@id\":\"https:\\\/\\\/arklam.com\\\/pl\\\/polityka-prywatnosci\\\/\",\"url\":\"https:\\\/\\\/arklam.com\\\/pl\\\/polityka-prywatnosci\\\/\",\"name\":\"Polityka prywatno\u015bci - Arklam\",\"isPartOf\":{\"@id\":\"https:\\\/\\\/arklam.com\\\/pl\\\/#website\"},\"datePublished\":\"2025-07-14T12:07:00+00:00\",\"dateModified\":\"2025-07-14T12:07:01+00:00\",\"breadcrumb\":{\"@id\":\"https:\\\/\\\/arklam.com\\\/pl\\\/polityka-prywatnosci\\\/#breadcrumb\"},\"inLanguage\":\"pl-PL\",\"potentialAction\":[{\"@type\":\"ReadAction\",\"target\":[\"https:\\\/\\\/arklam.com\\\/pl\\\/polityka-prywatnosci\\\/\"]}]},{\"@type\":\"BreadcrumbList\",\"@id\":\"https:\\\/\\\/arklam.com\\\/pl\\\/polityka-prywatnosci\\\/#breadcrumb\",\"itemListElement\":[{\"@type\":\"ListItem\",\"position\":1,\"name\":\"Portada\",\"item\":\"https:\\\/\\\/arklam.com\\\/pl\\\/\"},{\"@type\":\"ListItem\",\"position\":2,\"name\":\"Polityka prywatno\u015bci\"}]},{\"@type\":\"WebSite\",\"@id\":\"https:\\\/\\\/arklam.com\\\/pl\\\/#website\",\"url\":\"https:\\\/\\\/arklam.com\\\/pl\\\/\",\"name\":\"Arklam\",\"description\":\"\",\"potentialAction\":[{\"@type\":\"SearchAction\",\"target\":{\"@type\":\"EntryPoint\",\"urlTemplate\":\"https:\\\/\\\/arklam.com\\\/pl\\\/?s={search_term_string}\"},\"query-input\":{\"@type\":\"PropertyValueSpecification\",\"valueRequired\":true,\"valueName\":\"search_term_string\"}}],\"inLanguage\":\"pl-PL\"}]}<\/script>\n<!-- \/ Yoast SEO plugin. -->","yoast_head_json":{"title":"Polityka prywatno\u015bci - Arklam","robots":{"index":"index","follow":"follow","max-snippet":"max-snippet:-1","max-image-preview":"max-image-preview:large","max-video-preview":"max-video-preview:-1"},"canonical":"https:\/\/arklam.com\/pl\/polityka-prywatnosci\/","og_locale":"pl_PL","og_type":"article","og_title":"Polityka prywatno\u015bci - Arklam","og_description":"KTO JEST ADMINISTRATOREM DANYCH? JAKIE DANE OSOBOWE PRZETWARZAMY? W ramach poszczeg\u00f3lnych czynno\u015bci przetwarzania wykonywanych w obr\u0119bie organizacji gromadzone s\u0105 nast\u0119puj\u0105ce rodzaje danych: &#8211; Dane identyfikacyjne &#8211; Dane akademickie i zawodowe W JAKICH CELACH I KONKRETNYCH PRZYPADKACH PRZETWARZAMY DANE OSOBOWE? Przetwarzamy dane osobowe w nast\u0119puj\u0105cych celach: Gromadzone dane osobowe nie b\u0119d\u0105 wykorzystywane do profilowania ani zautomatyzowanego [&hellip;]","og_url":"https:\/\/arklam.com\/pl\/polityka-prywatnosci\/","og_site_name":"Arklam","article_modified_time":"2025-07-14T12:07:01+00:00","twitter_card":"summary_large_image","twitter_misc":{"Szacowany czas czytania":"5 minut"},"schema":{"@context":"https:\/\/schema.org","@graph":[{"@type":"WebPage","@id":"https:\/\/arklam.com\/pl\/polityka-prywatnosci\/","url":"https:\/\/arklam.com\/pl\/polityka-prywatnosci\/","name":"Polityka prywatno\u015bci - Arklam","isPartOf":{"@id":"https:\/\/arklam.com\/pl\/#website"},"datePublished":"2025-07-14T12:07:00+00:00","dateModified":"2025-07-14T12:07:01+00:00","breadcrumb":{"@id":"https:\/\/arklam.com\/pl\/polityka-prywatnosci\/#breadcrumb"},"inLanguage":"pl-PL","potentialAction":[{"@type":"ReadAction","target":["https:\/\/arklam.com\/pl\/polityka-prywatnosci\/"]}]},{"@type":"BreadcrumbList","@id":"https:\/\/arklam.com\/pl\/polityka-prywatnosci\/#breadcrumb","itemListElement":[{"@type":"ListItem","position":1,"name":"Portada","item":"https:\/\/arklam.com\/pl\/"},{"@type":"ListItem","position":2,"name":"Polityka prywatno\u015bci"}]},{"@type":"WebSite","@id":"https:\/\/arklam.com\/pl\/#website","url":"https:\/\/arklam.com\/pl\/","name":"Arklam","description":"","potentialAction":[{"@type":"SearchAction","target":{"@type":"EntryPoint","urlTemplate":"https:\/\/arklam.com\/pl\/?s={search_term_string}"},"query-input":{"@type":"PropertyValueSpecification","valueRequired":true,"valueName":"search_term_string"}}],"inLanguage":"pl-PL"}]}},"_links":{"self":[{"href":"https:\/\/arklam.com\/pl\/wp-json\/wp\/v2\/pages\/13782","targetHints":{"allow":["GET"]}}],"collection":[{"href":"https:\/\/arklam.com\/pl\/wp-json\/wp\/v2\/pages"}],"about":[{"href":"https:\/\/arklam.com\/pl\/wp-json\/wp\/v2\/types\/page"}],"author":[{"embeddable":true,"href":"https:\/\/arklam.com\/pl\/wp-json\/wp\/v2\/users\/1"}],"replies":[{"embeddable":true,"href":"https:\/\/arklam.com\/pl\/wp-json\/wp\/v2\/comments?post=13782"}],"version-history":[{"count":1,"href":"https:\/\/arklam.com\/pl\/wp-json\/wp\/v2\/pages\/13782\/revisions"}],"predecessor-version":[{"id":13783,"href":"https:\/\/arklam.com\/pl\/wp-json\/wp\/v2\/pages\/13782\/revisions\/13783"}],"wp:attachment":[{"href":"https:\/\/arklam.com\/pl\/wp-json\/wp\/v2\/media?parent=13782"}],"curies":[{"name":"wp","href":"https:\/\/api.w.org\/{rel}","templated":true}]}}