{"id":16328,"date":"2026-02-27T16:32:23","date_gmt":"2026-02-27T15:32:23","guid":{"rendered":"https:\/\/arklam.com\/registro-de-garantia\/"},"modified":"2026-04-24T16:09:27","modified_gmt":"2026-04-24T15:09:27","slug":"registro-de-garantia","status":"publish","type":"page","link":"https:\/\/arklam.com\/pl\/rejestracja-gwarancji","title":{"rendered":"Rejestracja gwarancji"},"content":{"rendered":"\n<section class=\"wp-block-arklam-cabecera-blog cabecera-blog\" style=\"background-image:url(https:\/\/arklam.com\/wp-content\/uploads\/2026\/02\/ChatGPT-Image-27-feb-2026-11_02_39-a.m.png)\"><div class=\"container\"><div class=\"row row-top\"><div class=\"col-lg-3\"><div class=\"titulo-pequeno\">Garant\u00eda<\/div><\/div><\/div><div class=\"row row-bottom\"><div class=\"col-lg-3\"><h1>Registro de garant\u00eda<\/h1><\/div><div class=\"col-lg-4 offset-lg-1\"><div class=\"texto\"><p>Este sitio es exclusivo para el uso del consumidor final dom\u00e9stico. Activar una garant\u00eda es un proceso simple que solo le llevar\u00e1 un minuto.<\/p><\/div><\/div><\/div><\/div><\/section>\n\n\n\n<section class=\"wp-block-arklam-descargas descargas\"><div class=\"container\"><div class=\"row align-items-center\"><div class=\"col-xl-2\"><div class=\"titulo-pequeno\">Cat\u00e1logo<\/div><\/div><div class=\"col-lg-3 offset-lg-1\"><a href=\"https:\/\/arklam.com\/wp-content\/uploads\/2026\/04\/ARKLAM_Garantia.pdf\" class=\"descargas-portada\" download target=\"_blank\" rel=\"noopener noreferrer\"><img decoding=\"async\" src=\"https:\/\/arklam.com\/wp-content\/uploads\/2026\/04\/Portada-Catalogo-Garantia.jpg\" alt=\"\"\/><\/a><div class=\"cta\"><a href=\"https:\/\/arklam.com\/wp-content\/uploads\/2026\/04\/ARKLAM_Garantia.pdf\" class=\"black-border btn btn-icon slide\" download target=\"_blank\" rel=\"noopener noreferrer\"><span>Descargar<\/span><svg width=\"17px\" height=\"11px\" viewBox=\"0 0 17 11\" xmlns=\"http:\/\/www.w3.org\/2000\/svg\"><title>icon_arrow_4<\/title><g stroke=\"none\" stroke-width=\"1\" fill=\"none\" fill-rule=\"evenodd\"><g transform=\"translate(-202.000000, -73.000000)\" fill=\"#1A1919\" fill-rule=\"nonzero\"><path d=\"M215.715694,80.5885912 C215.910563,80.4535951 216.179987,80.4728803 216.353553,80.6464466 C216.548816,80.8417088 216.548816,81.1582912 216.353553,81.3535534 L216.353553,81.3535534 L213.853553,83.8535534 L213.784306,83.9114088 C213.589437,84.0464049 213.320013,84.0271197 213.146447,83.8535534 C212.951184,83.6582912 212.951184,83.3417088 213.146447,83.1464466 L213.146447,83.1464466 L215.646447,80.6464466 Z M213.284306,73.0885912 L213.353553,73.1464466 L218.353553,78.1464466 C218.647537,78.4404302 218.472805,78.9291843 218.086032,78.9930449 L218,79 L202.5,79 C202.223858,79 202,78.7761424 202,78.5 C202,78.2545401 202.176875,78.0503916 202.410124,78.0080557 L202.5,78 L216.793,78 L212.646447,73.8535534 C212.47288,73.679987 212.453595,73.4105626 212.588591,73.2156945 L212.646447,73.1464466 C212.820013,72.9728803 213.089437,72.9535951 213.284306,73.0885912 Z\"><\/path><\/g><\/g><\/svg><\/a><\/div><\/div><\/div><\/div><\/section>\n\n\n\n<section class=\"wp-block-arklam-contacto-seccion contactoSeccion\"><div class=\"container\"><div class=\"row\"><div class=\"col-lg-12\"><div class=\"texto\"><p>Datos necesarios para activar tu garant\u00eda<\/p><\/div><div class=\"formulario-contenedor\">\n<div class=\"wpcf7 no-js\" id=\"wpcf7-f16126-o1\" lang=\"es-ES\" dir=\"ltr\" data-wpcf7-id=\"16126\">\n<div class=\"screen-reader-response\"><p role=\"status\" aria-live=\"polite\" aria-atomic=\"true\"><\/p> <ul><\/ul><\/div>\n<form action=\"\/pl\/wp-json\/wp\/v2\/pages\/16328#wpcf7-f16126-o1\" method=\"post\" class=\"wpcf7-form init 63ae2dfab5ca cmatic-conn cmatic-aud-21 cmatic-mapd0-0 cmatic-v0974 cmatic-sent-0 cmatic-total-90\" aria-label=\"Formulario de contacto\" enctype=\"multipart\/form-data\" novalidate=\"novalidate\" data-status=\"init\">\n<fieldset class=\"hidden-fields-container\"><input type=\"hidden\" name=\"_wpcf7\" value=\"16126\" \/><input type=\"hidden\" name=\"_wpcf7_version\" value=\"6.1.5\" \/><input type=\"hidden\" name=\"_wpcf7_locale\" value=\"es_ES\" \/><input type=\"hidden\" name=\"_wpcf7_unit_tag\" value=\"wpcf7-f16126-o1\" \/><input type=\"hidden\" name=\"_wpcf7_container_post\" value=\"0\" \/><input type=\"hidden\" name=\"_wpcf7_posted_data_hash\" value=\"\" \/><input type=\"hidden\" name=\"_cf7a__timestamp\" value=\"svSPREtOzAbQewfuDerUEw==\" \/><input type=\"hidden\" name=\"_cf7a_version\" value=\"1.0\" \/><input type=\"hidden\" name=\"_cf7a_address\" value=\"\" \/><input type=\"hidden\" name=\"_cf7a_referer\" value=\"\" \/><input type=\"hidden\" name=\"_cf7a_protocol\" value=\"\" \/><input type=\"hidden\" name=\"_wpcf7_recaptcha_response\" value=\"\" \/><input type=\"hidden\" name=\"_cf7a_bot_fingerprint\" value=\"svSPREtOzAbQewfuDerUEw==\" \/><input type=\"hidden\" name=\"_cf7a_bot_fingerprint_extras\" \/><input type=\"hidden\" name=\"_cf7a_append_on_submit\" \/>\n<\/fieldset>\n<div class=\"row\">\n    <div class=\"col-lg-6\">\n        <label>NOMBRE*\n            <span class=\"wpcf7-form-control-wrap\" data-name=\"nombre\"><input type=\"text\" name=\"name\" value=\"\" autocomplete=\"fill\" class=\"fit-the-fullspace\" aria-hidden=\"true\" tabindex=\"-1\" \/><input size=\"40\" maxlength=\"400\" class=\"wpcf7-form-control wpcf7-text wpcf7-validates-as-required\" aria-required=\"true\" aria-invalid=\"false\" placeholder=\"A\u00f1adir nombre\" value=\"\" type=\"text\" name=\"nombre\" \/><\/span>\n        <\/label>\n    <\/div>\n    <div class=\"col-lg-6\">\n        <label>APELLIDOS*\n            <span class=\"wpcf7-form-control-wrap\" data-name=\"apellidos\"><input size=\"40\" maxlength=\"400\" class=\"wpcf7-form-control wpcf7-text wpcf7-validates-as-required\" aria-required=\"true\" aria-invalid=\"false\" placeholder=\"A\u00f1adir apellidos\" value=\"\" type=\"text\" name=\"apellidos\" \/><input type=\"text\" name=\"email\" value=\"\" autocomplete=\"fill\" class=\"fit-the-fullspace\" aria-hidden=\"true\" tabindex=\"-1\" \/><\/span>\n        <\/label>\n    <\/div>\n    <div class=\"col-lg-12\">\n        <label>DIRECCI\u00d3N*\n            <span class=\"wpcf7-form-control-wrap\" data-name=\"direccion\"><input size=\"40\" maxlength=\"400\" class=\"wpcf7-form-control wpcf7-text wpcf7-validates-as-required\" aria-required=\"true\" aria-invalid=\"false\" placeholder=\"A\u00f1adir direcci\u00f3n\" value=\"\" type=\"text\" name=\"direccion\" \/><input type=\"text\" name=\"address\" value=\"\" autocomplete=\"fill\" class=\"fit-the-fullspace\" aria-hidden=\"true\" tabindex=\"-1\" \/><\/span>\n        <\/label>\n    <\/div>\n    <div class=\"col-lg-6\">\n        <label>CIUDAD*\n            <span class=\"wpcf7-form-control-wrap\" data-name=\"ciudad\"><input type=\"text\" name=\"zip\" value=\"\" autocomplete=\"fill\" class=\"fit-the-fullspace\" aria-hidden=\"true\" tabindex=\"-1\" \/><input size=\"40\" maxlength=\"400\" class=\"wpcf7-form-control wpcf7-text wpcf7-validates-as-required\" aria-required=\"true\" aria-invalid=\"false\" placeholder=\"A\u00f1adir ciudad\" value=\"\" type=\"text\" name=\"ciudad\" \/><\/span>\n        <\/label>\n    <\/div>\n    <div class=\"col-lg-4\">\n        <label>PROVINCIA*\n            <span class=\"wpcf7-form-control-wrap\" data-name=\"provincia\"><input size=\"40\" maxlength=\"400\" class=\"wpcf7-form-control wpcf7-text wpcf7-validates-as-required\" aria-required=\"true\" aria-invalid=\"false\" placeholder=\"A\u00f1adir provincia\" value=\"\" type=\"text\" name=\"provincia\" \/><input type=\"text\" name=\"town\" value=\"\" autocomplete=\"fill\" class=\"fit-the-fullspace\" aria-hidden=\"true\" tabindex=\"-1\" \/><\/span>\n        <\/label>\n    <\/div>\n    <div class=\"col-lg-2\">\n        <label>C\u00d3DIGO POSTAL*\n            <span class=\"wpcf7-form-control-wrap\" data-name=\"cp\"><input size=\"40\" maxlength=\"400\" class=\"wpcf7-form-control wpcf7-text wpcf7-validates-as-required\" aria-required=\"true\" aria-invalid=\"false\" placeholder=\"CP\" value=\"\" type=\"text\" name=\"cp\" \/><input type=\"text\" name=\"phone\" value=\"\" autocomplete=\"fill\" class=\"fit-the-fullspace\" aria-hidden=\"true\" tabindex=\"-1\" \/><\/span>\n        <\/label>\n    <\/div>\n    <div class=\"col-lg-6\">\n        <label>TEL\u00c9FONO*\n            <span class=\"wpcf7-form-control-wrap\" data-name=\"telefono\"><input size=\"40\" maxlength=\"400\" class=\"wpcf7-form-control wpcf7-tel wpcf7-validates-as-required wpcf7-text wpcf7-validates-as-tel\" aria-required=\"true\" aria-invalid=\"false\" placeholder=\"A\u00f1adir tel\u00e9fono\" value=\"\" type=\"tel\" name=\"telefono\" \/><\/span>\n        <\/label>\n    <\/div>\n    <div class=\"col-lg-6\">\n        <label>E-MAIL*\n            <span class=\"wpcf7-form-control-wrap\" data-name=\"email\"><input size=\"40\" maxlength=\"400\" class=\"wpcf7-form-control wpcf7-email wpcf7-validates-as-required wpcf7-text wpcf7-validates-as-email\" aria-required=\"true\" aria-invalid=\"false\" placeholder=\"A\u00f1adir e-mail\" value=\"\" type=\"email\" name=\"email\" \/><\/span>\n        <\/label>\n    <\/div>\n    <div class=\"col-lg-6\">\n        <label>FECHA DE FACTURACI\u00d3N*\n            <span class=\"wpcf7-form-control-wrap\" data-name=\"fecha_factura\"><input class=\"wpcf7-form-control wpcf7-date wpcf7-validates-as-required wpcf7-validates-as-date\" aria-required=\"true\" aria-invalid=\"false\" value=\"\" type=\"date\" name=\"fecha_factura\" \/><\/span>\n        <\/label>\n    <\/div>\n    <div class=\"col-lg-6\">\n        <label>\u00bfD\u00d3NDE COMPR\u00d3 EL PRODUCTO? (tienda)*\n            <span class=\"wpcf7-form-control-wrap\" data-name=\"tienda\"><input size=\"40\" maxlength=\"400\" class=\"wpcf7-form-control wpcf7-text wpcf7-validates-as-required\" aria-required=\"true\" aria-invalid=\"false\" placeholder=\"Nombre de la tienda\" value=\"\" type=\"text\" name=\"tienda\" \/><\/span>\n        <\/label>\n    <\/div>\n    <div class=\"col-lg-12\">\n        <label>ADJUNTAR FACTURA* (PDF, JPG, PNG \u2014 m\u00e1x. 5MB)\n            <span class=\"wpcf7-form-control-wrap\" data-name=\"factura\"><input size=\"40\" class=\"wpcf7-form-control wpcf7-file wpcf7-validates-as-required\" accept=\".pdf,.jpg,.jpeg,.png\" aria-required=\"true\" aria-invalid=\"false\" type=\"file\" name=\"factura\" \/><\/span>\n        <\/label>\n    <\/div>\n    <div class=\"formGroup col-12 legal-form-text\">\n        Responsable de los datos: SANICERAMIC IMPORT AND EXPORT, S.L.\n        Finalidad del tratamiento de datos: Gesti\u00f3n de garant\u00edas y atenci\u00f3n al cliente.\n        Legitimaci\u00f3n del tratamiento de datos: Ejecuci\u00f3n de un contrato.\n        Destinatarios: No se ceder\u00e1n datos a terceros, salvo obligaci\u00f3n legal.\n        Derechos de los interesados: Podr\u00e1 acceder, rectificar y suprimir sus datos a trav\u00e9s del correo electr\u00f3nico communication@arklam.es. M\u00e1s informaci\u00f3n en nuestra <a href=\"https:\/\/arklam.com\/politica-de-privacidad-de-datos\/\">Pol\u00edtica de Privacidad<\/a>.\n    <\/div>\n    <div class=\"col-12\">\n        <div class=\"div-checkbox\"><span class=\"wpcf7-form-control-wrap\" data-name=\"acceptance-privacidad\"><span class=\"wpcf7-form-control wpcf7-acceptance\"><span class=\"wpcf7-list-item\"><label><input type=\"checkbox\" name=\"acceptance-privacidad\" value=\"1\" aria-invalid=\"false\" \/><span class=\"wpcf7-list-item-label\">He le\u00eddo y acepto la <a href=\"https:\/\/arklam.com\/politica-de-privacidad\">pol\u00edtica de privacidad<\/a><\/span><\/label><\/span><\/span><\/span><\/div>\n    <\/div>\n    <div class=\"col-12\">\n        <input class=\"wpcf7-form-control wpcf7-submit has-spinner\" type=\"submit\" value=\"Enviar\" \/>\n    <\/div>\n<\/div><p style=\"display: none !important;\" class=\"akismet-fields-container\" data-prefix=\"_wpcf7_ak_\"><label>&#916;<textarea name=\"_wpcf7_ak_hp_textarea\" cols=\"45\" rows=\"8\" maxlength=\"100\"><\/textarea><\/label><input type=\"hidden\" id=\"ak_js_1\" name=\"_wpcf7_ak_js\" value=\"231\"\/><script>\ndocument.getElementById( \"ak_js_1\" ).setAttribute( \"value\", ( new Date() ).getTime() );\n<\/script>\n<\/p><div class=\"wpcf7-response-output\" aria-hidden=\"true\"><\/div>\n<\/form>\n<\/div>\n<\/div><\/div><\/div><\/div><\/section>\n\n\n\n<p><\/p>\n","protected":false},"excerpt":{"rendered":"","protected":false},"author":1,"featured_media":0,"parent":0,"menu_order":0,"comment_status":"closed","ping_status":"closed","template":"template-garantia.php","meta":{"_acf_changed":false,"inline_featured_image":false,"footnotes":""},"class_list":["post-16328","page","type-page","status-publish","hentry"],"acf":[],"yoast_head":"<!-- This site is optimized with the Yoast SEO plugin v27.5 - https:\/\/yoast.com\/product\/yoast-seo-wordpress\/ -->\n<title>Rejestracja gwarancji - Arklam<\/title>\n<meta name=\"robots\" content=\"index, follow, max-snippet:-1, max-image-preview:large, max-video-preview:-1\" \/>\n<link rel=\"canonical\" href=\"https:\/\/arklam.com\/pl\/rejestracja-gwarancji\/\" \/>\n<meta property=\"og:locale\" content=\"pl_PL\" \/>\n<meta property=\"og:type\" content=\"article\" \/>\n<meta property=\"og:title\" content=\"Rejestracja gwarancji - Arklam\" \/>\n<meta property=\"og:url\" content=\"https:\/\/arklam.com\/pl\/rejestracja-gwarancji\" \/>\n<meta property=\"og:site_name\" content=\"Arklam\" \/>\n<meta property=\"article:modified_time\" content=\"2026-04-24T15:09:27+00:00\" \/>\n<meta property=\"og:image\" content=\"https:\/\/arklam.com\/wp-content\/uploads\/2026\/04\/Portada-Catalogo-Garantia.jpg\" \/>\n<meta name=\"twitter:card\" content=\"summary_large_image\" \/>\n<script type=\"application\/ld+json\" class=\"yoast-schema-graph\">{\"@context\":\"https:\\\/\\\/schema.org\",\"@graph\":[{\"@type\":\"WebPage\",\"@id\":\"https:\\\/\\\/arklam.com\\\/pl\\\/rejestracja-gwarancji\",\"url\":\"https:\\\/\\\/arklam.com\\\/pl\\\/rejestracja-gwarancji\",\"name\":\"Rejestracja gwarancji - Arklam\",\"isPartOf\":{\"@id\":\"https:\\\/\\\/arklam.com\\\/pl\\\/#website\"},\"primaryImageOfPage\":{\"@id\":\"https:\\\/\\\/arklam.com\\\/pl\\\/rejestracja-gwarancji#primaryimage\"},\"image\":{\"@id\":\"https:\\\/\\\/arklam.com\\\/pl\\\/rejestracja-gwarancji#primaryimage\"},\"thumbnailUrl\":\"https:\\\/\\\/arklam.com\\\/wp-content\\\/uploads\\\/2026\\\/04\\\/Portada-Catalogo-Garantia.jpg\",\"datePublished\":\"2026-02-27T15:32:23+00:00\",\"dateModified\":\"2026-04-24T15:09:27+00:00\",\"breadcrumb\":{\"@id\":\"https:\\\/\\\/arklam.com\\\/pl\\\/rejestracja-gwarancji#breadcrumb\"},\"inLanguage\":\"pl-PL\",\"potentialAction\":[{\"@type\":\"ReadAction\",\"target\":[\"https:\\\/\\\/arklam.com\\\/pl\\\/rejestracja-gwarancji\"]}]},{\"@type\":\"ImageObject\",\"inLanguage\":\"pl-PL\",\"@id\":\"https:\\\/\\\/arklam.com\\\/pl\\\/rejestracja-gwarancji#primaryimage\",\"url\":\"https:\\\/\\\/arklam.com\\\/wp-content\\\/uploads\\\/2026\\\/04\\\/Portada-Catalogo-Garantia.jpg\",\"contentUrl\":\"https:\\\/\\\/arklam.com\\\/wp-content\\\/uploads\\\/2026\\\/04\\\/Portada-Catalogo-Garantia.jpg\"},{\"@type\":\"BreadcrumbList\",\"@id\":\"https:\\\/\\\/arklam.com\\\/pl\\\/rejestracja-gwarancji#breadcrumb\",\"itemListElement\":[{\"@type\":\"ListItem\",\"position\":1,\"name\":\"Portada\",\"item\":\"https:\\\/\\\/arklam.com\\\/pl\\\/\"},{\"@type\":\"ListItem\",\"position\":2,\"name\":\"Rejestracja gwarancji\"}]},{\"@type\":\"WebSite\",\"@id\":\"https:\\\/\\\/arklam.com\\\/pl\\\/#website\",\"url\":\"https:\\\/\\\/arklam.com\\\/pl\\\/\",\"name\":\"Arklam\",\"description\":\"\",\"potentialAction\":[{\"@type\":\"SearchAction\",\"target\":{\"@type\":\"EntryPoint\",\"urlTemplate\":\"https:\\\/\\\/arklam.com\\\/pl\\\/?s={search_term_string}\"},\"query-input\":{\"@type\":\"PropertyValueSpecification\",\"valueRequired\":true,\"valueName\":\"search_term_string\"}}],\"inLanguage\":\"pl-PL\"}]}<\/script>\n<!-- \/ Yoast SEO plugin. -->","yoast_head_json":{"title":"Rejestracja gwarancji - Arklam","robots":{"index":"index","follow":"follow","max-snippet":"max-snippet:-1","max-image-preview":"max-image-preview:large","max-video-preview":"max-video-preview:-1"},"canonical":"https:\/\/arklam.com\/pl\/rejestracja-gwarancji\/","og_locale":"pl_PL","og_type":"article","og_title":"Rejestracja gwarancji - Arklam","og_url":"https:\/\/arklam.com\/pl\/rejestracja-gwarancji","og_site_name":"Arklam","article_modified_time":"2026-04-24T15:09:27+00:00","og_image":[{"url":"https:\/\/arklam.com\/wp-content\/uploads\/2026\/04\/Portada-Catalogo-Garantia.jpg","type":"","width":"","height":""}],"twitter_card":"summary_large_image","schema":{"@context":"https:\/\/schema.org","@graph":[{"@type":"WebPage","@id":"https:\/\/arklam.com\/pl\/rejestracja-gwarancji","url":"https:\/\/arklam.com\/pl\/rejestracja-gwarancji","name":"Rejestracja gwarancji - Arklam","isPartOf":{"@id":"https:\/\/arklam.com\/pl\/#website"},"primaryImageOfPage":{"@id":"https:\/\/arklam.com\/pl\/rejestracja-gwarancji#primaryimage"},"image":{"@id":"https:\/\/arklam.com\/pl\/rejestracja-gwarancji#primaryimage"},"thumbnailUrl":"https:\/\/arklam.com\/wp-content\/uploads\/2026\/04\/Portada-Catalogo-Garantia.jpg","datePublished":"2026-02-27T15:32:23+00:00","dateModified":"2026-04-24T15:09:27+00:00","breadcrumb":{"@id":"https:\/\/arklam.com\/pl\/rejestracja-gwarancji#breadcrumb"},"inLanguage":"pl-PL","potentialAction":[{"@type":"ReadAction","target":["https:\/\/arklam.com\/pl\/rejestracja-gwarancji"]}]},{"@type":"ImageObject","inLanguage":"pl-PL","@id":"https:\/\/arklam.com\/pl\/rejestracja-gwarancji#primaryimage","url":"https:\/\/arklam.com\/wp-content\/uploads\/2026\/04\/Portada-Catalogo-Garantia.jpg","contentUrl":"https:\/\/arklam.com\/wp-content\/uploads\/2026\/04\/Portada-Catalogo-Garantia.jpg"},{"@type":"BreadcrumbList","@id":"https:\/\/arklam.com\/pl\/rejestracja-gwarancji#breadcrumb","itemListElement":[{"@type":"ListItem","position":1,"name":"Portada","item":"https:\/\/arklam.com\/pl\/"},{"@type":"ListItem","position":2,"name":"Rejestracja gwarancji"}]},{"@type":"WebSite","@id":"https:\/\/arklam.com\/pl\/#website","url":"https:\/\/arklam.com\/pl\/","name":"Arklam","description":"","potentialAction":[{"@type":"SearchAction","target":{"@type":"EntryPoint","urlTemplate":"https:\/\/arklam.com\/pl\/?s={search_term_string}"},"query-input":{"@type":"PropertyValueSpecification","valueRequired":true,"valueName":"search_term_string"}}],"inLanguage":"pl-PL"}]}},"_links":{"self":[{"href":"https:\/\/arklam.com\/pl\/wp-json\/wp\/v2\/pages\/16328","targetHints":{"allow":["GET"]}}],"collection":[{"href":"https:\/\/arklam.com\/pl\/wp-json\/wp\/v2\/pages"}],"about":[{"href":"https:\/\/arklam.com\/pl\/wp-json\/wp\/v2\/types\/page"}],"author":[{"embeddable":true,"href":"https:\/\/arklam.com\/pl\/wp-json\/wp\/v2\/users\/1"}],"replies":[{"embeddable":true,"href":"https:\/\/arklam.com\/pl\/wp-json\/wp\/v2\/comments?post=16328"}],"version-history":[{"count":4,"href":"https:\/\/arklam.com\/pl\/wp-json\/wp\/v2\/pages\/16328\/revisions"}],"predecessor-version":[{"id":16375,"href":"https:\/\/arklam.com\/pl\/wp-json\/wp\/v2\/pages\/16328\/revisions\/16375"}],"wp:attachment":[{"href":"https:\/\/arklam.com\/pl\/wp-json\/wp\/v2\/media?parent=16328"}],"curies":[{"name":"wp","href":"https:\/\/api.w.org\/{rel}","templated":true}]}}